{"id":998,"date":"2025-11-13T10:40:40","date_gmt":"2025-11-13T10:40:40","guid":{"rendered":"https:\/\/www.uverovy-radce.cz\/?page_id=998"},"modified":"2025-11-13T10:42:33","modified_gmt":"2025-11-13T10:42:33","slug":"998-2","status":"publish","type":"page","link":"https:\/\/www.uverovy-radce.cz\/?page_id=998","title":{"rendered":""},"content":{"rendered":"<h4 style=\"text-align: center;\"><span style=\"color: #999999;\">Je \u00fa\u010delem \u00fav\u011bru refinancov\u00e1n\u00ed?<\/span><\/h4>\n\n\n<div style=\"height:30px\" aria-hidden=\"true\" class=\"wp-block-spacer\"><\/div>\n\n\n<div class=\"wp-block-image is-style-rounded\">\n<figure class=\"aligncenter size-full is-resized\"><img loading=\"lazy\" decoding=\"async\" width=\"1024\" height=\"683\" src=\"https:\/\/www.uverovy-radce.cz\/wp-content\/uploads\/2025\/02\/refinancovani-1.jpg\" alt=\"refinancov\u00e1n\u00ed \u00fav\u011bru\" class=\"wp-image-272\" style=\"width:324px\" srcset=\"https:\/\/www.uverovy-radce.cz\/wp-content\/uploads\/2025\/02\/refinancovani-1.jpg 1024w, https:\/\/www.uverovy-radce.cz\/wp-content\/uploads\/2025\/02\/refinancovani-1-300x200.jpg 300w, https:\/\/www.uverovy-radce.cz\/wp-content\/uploads\/2025\/02\/refinancovani-1-768x512.jpg 768w, https:\/\/www.uverovy-radce.cz\/wp-content\/uploads\/2025\/02\/refinancovani-1-360x240.jpg 360w\" sizes=\"auto, (max-width: 1024px) 100vw, 1024px\" \/><\/figure>\n<\/div>\n\n\n<div style=\"height:70px\" aria-hidden=\"true\" class=\"wp-block-spacer\"><\/div>\n\n\n\n<div class=\"wp-block-buttons is-content-justification-center is-layout-flex wp-container-core-buttons-is-layout-a89b3969 wp-block-buttons-is-layout-flex\">\n<div class=\"wp-block-button has-custom-width wp-block-button__width-25\"><a class=\"wp-block-button__link has-background has-small-font-size has-custom-font-size wp-element-button\" href=\"https:\/\/www.uverovy-radce.cz\/?page_id=996\" style=\"background-color:#f70000;text-transform:uppercase\"><strong>A<\/strong>NO<\/a><\/div>\n\n\n\n<div class=\"wp-block-button has-custom-width wp-block-button__width-25\"><a class=\"wp-block-button__link has-background has-small-font-size has-custom-font-size wp-element-button\" href=\"https:\/\/www.uverovy-radce.cz\/?page_id=958\" style=\"background-color:#f70000;text-transform:uppercase\"><strong>N<\/strong>E<\/a><\/div>\n<\/div>\n\n\n\n<div style=\"height:70px\" aria-hidden=\"true\" class=\"wp-block-spacer\"><\/div>\n","protected":false},"excerpt":{"rendered":"<p>Je \u00fa\u010delem \u00fav\u011bru refinancov\u00e1n\u00ed?<\/p>\n","protected":false},"author":1,"featured_media":276,"parent":0,"menu_order":0,"comment_status":"closed","ping_status":"closed","template":"","meta":{"_exactmetrics_skip_tracking":false,"_exactmetrics_sitenote_active":false,"_exactmetrics_sitenote_note":"","_exactmetrics_sitenote_category":0,"_themeisle_gutenberg_block_has_review":false,"footnotes":""},"class_list":["post-998","page","type-page","status-publish","has-post-thumbnail","hentry"],"aioseo_notices":[],"_links":{"self":[{"href":"https:\/\/www.uverovy-radce.cz\/index.php?rest_route=\/wp\/v2\/pages\/998","targetHints":{"allow":["GET"]}}],"collection":[{"href":"https:\/\/www.uverovy-radce.cz\/index.php?rest_route=\/wp\/v2\/pages"}],"about":[{"href":"https:\/\/www.uverovy-radce.cz\/index.php?rest_route=\/wp\/v2\/types\/page"}],"author":[{"embeddable":true,"href":"https:\/\/www.uverovy-radce.cz\/index.php?rest_route=\/wp\/v2\/users\/1"}],"replies":[{"embeddable":true,"href":"https:\/\/www.uverovy-radce.cz\/index.php?rest_route=%2Fwp%2Fv2%2Fcomments&post=998"}],"version-history":[{"count":3,"href":"https:\/\/www.uverovy-radce.cz\/index.php?rest_route=\/wp\/v2\/pages\/998\/revisions"}],"predecessor-version":[{"id":1002,"href":"https:\/\/www.uverovy-radce.cz\/index.php?rest_route=\/wp\/v2\/pages\/998\/revisions\/1002"}],"wp:featuredmedia":[{"embeddable":true,"href":"https:\/\/www.uverovy-radce.cz\/index.php?rest_route=\/wp\/v2\/media\/276"}],"wp:attachment":[{"href":"https:\/\/www.uverovy-radce.cz\/index.php?rest_route=%2Fwp%2Fv2%2Fmedia&parent=998"}],"curies":[{"name":"wp","href":"https:\/\/api.w.org\/{rel}","templated":true}]}}