{"id":996,"date":"2025-11-13T10:35:56","date_gmt":"2025-11-13T10:35:56","guid":{"rendered":"https:\/\/www.uverovy-radce.cz\/?page_id=996"},"modified":"2025-11-13T11:00:48","modified_gmt":"2025-11-13T11:00:48","slug":"uverove-nabidky-refinancovani","status":"publish","type":"page","link":"https:\/\/www.uverovy-radce.cz\/?page_id=996","title":{"rendered":"\u00dav\u011brov\u00e9 nab\u00eddky refinancov\u00e1n\u00ed"},"content":{"rendered":"\n<h4 class=\"wp-block-heading has-text-align-center\">Tady jsou \u00fav\u011brov\u00e9 nab\u00eddky odpov\u00eddaj\u00edc\u00ed va\u0161emu zad\u00e1n\u00ed<\/h4>\n\n\n\n<div style=\"height:30px\" aria-hidden=\"true\" class=\"wp-block-spacer\"><\/div>\n\n\n<h6 style=\"text-align: center;\"><span style=\"color: #999999;\"><span style=\"color: #ff0000;\">TIP:<\/span>\u00a0 \u00dav\u011brov\u00e9 nab\u00eddky se dnes odv\u00edj\u00ed od minim\u00e1ln\u00ed \u00farokov\u00e9 sazby, za\u010dn\u011bte tedy namodelov\u00e1n\u00edm po\u017eadovan\u00e9ho \u00fav\u011bru od 1. poskytovatele v po\u0159ad\u00ed, p\u0159es odkaz <span style=\"color: #ff0000;\">&#8218;propo\u010det&#8216;<\/span>. O \u00fav\u011br pak \u017e\u00e1dejte u banky s nejni\u017e\u0161\u00ed v\u00fdslednou spl\u00e1tkou. (Pokud bude sazba schv\u00e1len\u00e9ho \u00fav\u011bru oproti kalkulaci vy\u0161\u0161\u00ed, za\u017e\u00e1dejte p\u0159\u00edpadn\u011b o dal\u0161\u00ed \u00fav\u011br v po\u0159ad\u00ed dle va\u0161eho propo\u010dtu.)<\/span><span style=\"color: #999999;\"><\/span><\/h6>\n<table width=\"701\" style=\"width: 100%; height: 254px;\">\n<tbody>\n<tr style=\"height: 23px;\">\n<td width=\"208\" style=\"text-align: center; height: 23px;\"><span style=\"color: #ffffff;\">&#8230;&#8230;&#8230;&#8230;&#8230;&#8230;&#8230;&#8230;&#8230;&#8230;<\/span><\/td>\n<td width=\"68\" style=\"text-align: center; height: 23px;\"><strong><span style=\"color: #999999;\"><span style=\"color: #ffffff;\">..<\/span>\u00farok*<span style=\"color: #ffffff;\">..<\/span><\/span><\/strong><\/td>\n<td width=\"85\" style=\"text-align: center; height: 23px;\"><\/td>\n<td width=\"85\" style=\"text-align: center; height: 23px;\"><span style=\"color: #999999;\">poskytnut\u00ed<\/span><\/td>\n<td width=\"85\" style=\"text-align: center; height: 23px;\"><span style=\"color: #999999;\"><span style=\"color: #ffffff;\">&#8230;.<\/span>odhad<span style=\"color: #ffffff;\">\u2026.<\/span><\/span><\/td>\n<td width=\"85\" style=\"text-align: center; height: 23px;\"><span style=\"color: #999999;\">\u010derp\u00e1n\u00ed**<\/span><\/td>\n<td width=\"85\" style=\"text-align: center; height: 23px;\"><span style=\"color: #999999;\">2.<span style=\"color: #ffffff;\">.<\/span>\u010derp\u00e1n\u00ed<\/span><\/td>\n<\/tr>\n<tr style=\"height: 27px;\">\n<td style=\"height: 27px; text-align: left;\"><span style=\"color: #999999;\"><a href=\"https:\/\/www.moneta.cz\/hypoteky\/refinancovani-hypoteky\" style=\"color: #999999;\" target=\"_blank\" rel=\"nofollow noopener\">Moneta Money Bank <sup>8<\/sup><\/a><\/span><\/td>\n<td style=\"text-align: center; height: 27px;\"><strong><span style=\"color: #999999;\">3,99 %<\/span><\/strong><\/td>\n<td style=\"text-align: center; height: 27px;\"><span style=\"color: #ff0000;\"><a href=\"https:\/\/www.moneta.cz\/hypoteky\/refinancovani-hypoteky\" style=\"color: #ff0000;\" target=\"_blank\" rel=\"nofollow noopener\">propo\u010det<\/a><\/span><\/td>\n<td style=\"text-align: center; height: 27px;\"><span style=\"color: #999999;\">0 K\u010d<\/span><\/td>\n<td style=\"text-align: center; height: 27px;\"><span style=\"color: #999999;\">3 000 K\u010d<\/span><\/td>\n<td style=\"text-align: center; height: 27px;\"><span style=\"color: #999999;\">3 000 K\u010d<\/span><\/td>\n<td style=\"text-align: center; height: 27px;\"><span style=\"color: #999999;\">500 K\u010d<\/span><\/td>\n<\/tr>\n<tr style=\"height: 23px;\">\n<td style=\"height: 23px; text-align: left;\"><span style=\"color: #999999;\"><a href=\"https:\/\/www.fio.cz\/bankovni-sluzby\/uvery\/hypoteky\" style=\"color: #999999;\" target=\"_blank\" rel=\"nofollow noopener\">Fio banka<\/a><\/span><\/td>\n<td style=\"text-align: center; height: 23px;\"><strong><span style=\"color: #999999;\">4,08 %<\/span><\/strong><\/td>\n<td style=\"text-align: center; height: 23px;\"><span style=\"color: #ff0000;\"><a href=\"https:\/\/www.fio.cz\/bankovni-sluzby\/uvery\/kalkulacka-hypoteky\" style=\"color: #ff0000;\" target=\"_blank\" rel=\"nofollow noopener\">propo\u010det<\/a><\/span><\/td>\n<td style=\"text-align: center; height: 23px;\"><span style=\"color: #999999;\">0 K\u010d<\/span><\/td>\n<td style=\"text-align: center; height: 23px;\"><span style=\"color: #999999;\">5 000 K\u010d<\/span><\/td>\n<td style=\"text-align: center; height: 23px;\"><span style=\"color: #999999;\">0 K\u010d<\/span><\/td>\n<td style=\"text-align: center; height: 23px;\"><span style=\"color: #999999;\">0 K\u010d<\/span><\/td>\n<\/tr>\n<tr style=\"height: 23px;\">\n<td style=\"height: 23px; text-align: left;\"><span style=\"color: #999999;\"><a href=\"https:\/\/www.rb.cz\/osobni\/hypoteky\/sluzby-k-hypotekam\/refinancovani-hypoteky\" style=\"color: #999999;\" target=\"_blank\" rel=\"nofollow noopener\">Raiffeisenbank<\/a><\/span><\/td>\n<td style=\"text-align: center; height: 23px;\"><strong><span style=\"color: #999999;\">4,29 %<\/span><\/strong><\/td>\n<td style=\"text-align: center; height: 23px;\"><span style=\"color: #ff0000;\"><a href=\"https:\/\/www.rb.cz\/osobni\/hypoteky\/sluzby-k-hypotekam\/refinancovani-hypoteky\" style=\"color: #ff0000;\" target=\"_blank\" rel=\"nofollow noopener\">propo\u010det<\/a><\/span><\/td>\n<td style=\"text-align: center; height: 23px;\"><span style=\"color: #999999;\">0 K\u010d<\/span><\/td>\n<td style=\"text-align: center; height: 23px;\"><span style=\"color: #999999;\">5 900 K\u010d<\/span><\/td>\n<td style=\"text-align: center; height: 23px;\"><span style=\"color: #999999;\">1 900 K\u010d<\/span><\/td>\n<td style=\"text-align: center; height: 23px;\"><span style=\"color: #999999;\">800 K\u010d<\/span><\/td>\n<\/tr>\n<tr style=\"height: 27px;\">\n<td style=\"height: 27px; text-align: left;\"><span style=\"color: #999999;\"><a href=\"https:\/\/www.unicreditbank.cz\/cs\/obcane\/hypoteky\/refinancovani-hypoteky.html\" style=\"color: #999999;\" target=\"_blank\" rel=\"nofollow noopener\">UniCredit Bank<\/a><\/span><\/td>\n<td style=\"text-align: center; height: 27px;\"><strong><span style=\"color: #999999;\">4,29 %<\/span><\/strong><\/td>\n<td style=\"text-align: center; height: 27px;\"><span style=\"color: #ff0000;\"><a href=\"https:\/\/www.unicreditbank.cz\/cs\/obcane\/hypoteky\/refinancovani-hypoteky.html\" style=\"color: #ff0000;\" target=\"_blank\" rel=\"nofollow noopener\">propo\u010det<\/a><\/span><\/td>\n<td style=\"text-align: center; height: 27px;\"><span style=\"color: #999999;\">0 K\u010d<\/span><\/td>\n<td style=\"text-align: center; height: 27px;\"><span style=\"color: #999999;\">500 K\u010d <sup>6<\/sup><\/span><\/td>\n<td style=\"text-align: center; height: 27px;\"><span style=\"color: #999999;\">1 900 K\u010d<\/span><\/td>\n<td style=\"text-align: center; height: 27px;\"><span style=\"color: #999999;\">900 K\u010d<\/span><\/td>\n<\/tr>\n<tr style=\"height: 27px;\">\n<td style=\"height: 27px; text-align: left;\"><span style=\"color: #999999;\"><a href=\"https:\/\/www.airbank.cz\/produkty\/prevod-hypoteky\/\" style=\"color: #999999;\" target=\"_blank\" rel=\"nofollow noopener\">Air Bank<\/a><\/span><\/td>\n<td style=\"text-align: center; height: 27px;\"><strong><span style=\"color: #999999;\">4,29 %<\/span><\/strong><\/td>\n<td style=\"text-align: center; height: 27px;\"><span style=\"color: #ff0000;\"><a href=\"https:\/\/www.airbank.cz\/produkty\/prevod-hypoteky\/\" style=\"color: #ff0000;\" target=\"_blank\" rel=\"nofollow noopener\">propo\u010det<\/a><\/span><\/td>\n<td style=\"text-align: center; height: 27px;\"><span style=\"color: #999999;\">0 K\u010d<\/span><\/td>\n<td style=\"text-align: center; height: 27px;\"><span style=\"color: #999999;\">0 K\u010d<\/span><\/td>\n<td style=\"text-align: center; height: 27px;\"><span style=\"color: #999999;\">0 K\u010d<\/span><\/td>\n<td style=\"text-align: center; height: 27px;\"><span style=\"color: #999999;\">500 K\u010d <sup>3<\/sup><\/span><\/td>\n<\/tr>\n<tr style=\"height: 27px;\">\n<td style=\"height: 27px; text-align: left;\"><span style=\"color: #999999;\"><a href=\"https:\/\/www.csas.cz\/cs\/osobni-finance\/hypoteky\/refinancovani-hypoteky\" style=\"color: #999999;\" target=\"_blank\" rel=\"nofollow noopener\">\u010cesk\u00e1 spo\u0159itelna<\/a><\/span><\/td>\n<td style=\"text-align: center; height: 27px;\"><strong><span style=\"color: #999999;\">4,59 %<\/span><\/strong><\/td>\n<td style=\"text-align: center; height: 27px;\"><span style=\"color: #ff0000;\"><a href=\"https:\/\/www.csas.cz\/cs\/osobni-finance\/hypoteky\/refinancovani-hypoteky\" style=\"color: #ff0000;\" target=\"_blank\" rel=\"nofollow noopener\">propo\u010det<\/a><\/span><\/td>\n<td style=\"text-align: center; height: 27px;\"><span style=\"color: #999999;\">0 K\u010d<\/span><\/td>\n<td style=\"text-align: center; height: 27px;\"><span style=\"color: #999999;\">5 000 K\u010d <sup>1<\/sup><\/span><\/td>\n<td style=\"text-align: center; height: 27px;\"><span style=\"color: #999999;\">2 000 K\u010d<\/span><\/td>\n<td style=\"text-align: center; height: 27px;\"><span style=\"color: #999999;\">500 K\u010d<\/span><\/td>\n<\/tr>\n<tr style=\"height: 23px;\">\n<td style=\"height: 23px; text-align: left;\"><span style=\"color: #999999;\"><a href=\"https:\/\/www.kb.cz\/cs\/obcane\/pujcky\/hypoteky\/refinancovani-hypoteky\" style=\"color: #999999;\" target=\"_blank\" rel=\"nofollow noopener\">Komer\u010dn\u00ed banka<\/a><\/span><\/td>\n<td style=\"text-align: center; height: 23px;\"><strong><span style=\"color: #999999;\">4,59 %<\/span><\/strong><\/td>\n<td style=\"text-align: center; height: 23px;\"><span style=\"color: #ff0000;\"><a href=\"https:\/\/www.kb.cz\/cs\/obcane\/pujcky\/hypoteky\/refinancovani-hypoteky\" style=\"color: #ff0000;\" target=\"_blank\" rel=\"nofollow noopener\">propo\u010det<\/a><\/span><\/td>\n<td style=\"text-align: center; height: 23px;\"><span style=\"color: #999999;\">0 K\u010d<\/span><\/td>\n<td style=\"text-align: center; height: 23px;\"><span style=\"color: #999999;\">\u00a00 K\u010d<\/span><\/td>\n<td style=\"text-align: center; height: 23px;\"><span style=\"color: #999999;\">0 K\u010d<\/span><\/td>\n<td style=\"text-align: center; height: 23px;\"><span style=\"color: #999999;\">0 K\u010d<\/span><\/td>\n<\/tr>\n<tr style=\"height: 27px;\">\n<td style=\"height: 27px; text-align: left;\"><span style=\"color: #999999;\"><a href=\"https:\/\/www.csob.cz\/lide\/bydleni\/hypoteka\" style=\"color: #999999;\" target=\"_blank\" rel=\"nofollow noopener\">\u010cSOB<\/a><\/span><\/td>\n<td style=\"text-align: center; height: 27px;\"><strong><span style=\"color: #999999;\">4,79 %<\/span><\/strong><\/td>\n<td style=\"text-align: center; height: 27px;\"><span style=\"color: #ff0000;\"><a href=\"https:\/\/www.csob.cz\/lide\/bydleni\/hypoteka\" style=\"color: #ff0000;\" target=\"_blank\" rel=\"nofollow noopener\">propo\u010det<\/a><\/span><\/td>\n<td style=\"text-align: center; height: 27px;\"><span style=\"color: #999999;\">0 K\u010d<\/span><\/td>\n<td style=\"text-align: center; height: 27px;\"><span style=\"color: #999999;\">0 K\u010d <sup>7<\/sup><\/span><\/td>\n<td style=\"text-align: center; height: 27px;\"><span style=\"color: #999999;\">2 200 K\u010d<\/span><\/td>\n<td style=\"text-align: center; height: 27px;\"><span style=\"color: #999999;\">250 K\u010d<\/span><\/td>\n<\/tr>\n<tr style=\"height: 27px;\">\n<td style=\"height: 27px; text-align: left;\"><span style=\"color: #999999;\"><a href=\"https:\/\/www.mbank.cz\/osobni\/hypoteky\/refinancovani-hypoteky\/\" style=\"color: #999999;\" target=\"_blank\" rel=\"nofollow noopener\">mBank<\/a><\/span><\/td>\n<td style=\"text-align: center; height: 27px;\"><strong><span style=\"color: #999999;\">4,79 %<\/span><\/strong><\/td>\n<td style=\"text-align: center; height: 27px;\"><span style=\"color: #ff0000;\"><a href=\"https:\/\/www.mbank.cz\/osobni\/hypoteky\/refinancovani-hypoteky\/\" style=\"color: #ff0000;\" target=\"_blank\" rel=\"nofollow noopener\">propo\u010det<\/a><\/span><\/td>\n<td style=\"text-align: center; height: 27px;\"><span style=\"color: #999999;\">0 K\u010d<\/span><\/td>\n<td style=\"text-align: center; height: 27px;\"><span style=\"color: #999999;\">1 900 K\u010d <sup>5<\/sup><\/span><\/td>\n<td style=\"text-align: center; height: 27px;\"><span style=\"color: #999999;\">0 K\u010d<\/span><\/td>\n<td style=\"text-align: center; height: 27px;\"><span style=\"color: #999999;\">500 K\u010d <sup>4<\/sup><\/span><\/td>\n<\/tr>\n<\/tbody>\n<\/table>\n<h6 style=\"text-align: center;\"><span style=\"color: #999999;\"><span style=\"color: #ff0000;\"><a href=\"https:\/\/ehub.cz\/system\/scripts\/click.php?a_aid=2ee04f86&amp;a_bid=d25e45d9&amp;data1=uverovy-radce\" target=\"_blank\" rel=\"nofollow noopener\" style=\"color: #ff0000;\"><\/a><\/span><\/span><\/h6>\n<h6 style=\"text-align: center;\"><span style=\"color: #999999;\">Nechce se v\u00e1m jednotliv\u00e9 nab\u00eddky propo\u010d\u00edt\u00e1vat? Nechte si hypot\u00e9ky <span style=\"color: #ff0000;\"><a href=\"https:\/\/ehub.cz\/system\/scripts\/click.php?a_aid=2ee04f86&amp;a_bid=d25e45d9&amp;data1=uverovy-radce\" target=\"_blank\" rel=\"noreferrer noopener\" style=\"color: #ff0000;\">srovnat<\/a><\/span><\/span><\/h6>\n\n\n<div style=\"height:30px\" aria-hidden=\"true\" class=\"wp-block-spacer\"><\/div>\n\n\n\n<pre>* Minim\u00e1ln\u00ed sazba<br \/>* Na z\u00e1klad\u011b n\u00e1vrhu na vklad z\u00e1stavn\u00edho pr\u00e1va<br \/>1 V p\u0159\u00edpad\u011b rodinn\u00e9ho domu nebo objektu pro rekreaci je \u00fa\u010dtov\u00e1n poplatek 6 000 K\u010d<br \/>3 Poplatek je \u00fa\u010dtov\u00e1n v p\u0159\u00edpad\u011b 3. a dal\u0161\u00edho \u010derp\u00e1n\u00ed<br \/>4 Poplatek je \u00fa\u010dtov\u00e1n v p\u0159\u00edpad\u011b 4. a dal\u0161\u00edho \u010derp\u00e1n\u00ed<br \/>5 Poplatek je \u00fa\u010dtov\u00e1n v p\u0159\u00edpad\u011b on-line ocen\u011bn\u00ed, v ostatn\u00edch p\u0159\u00edpadech 5 000 K\u010d a v\u00edce<br \/>6 Poplatek je \u00fa\u010dtov\u00e1n v p\u0159\u00edpad\u011b expresn\u00edho ocen\u011bn\u00ed bytu, v ostatn\u00edch p\u0159\u00edpadech 4 500 K\u010d a v\u00edce<br \/>7 Poplatek je \u00fa\u010dtov\u00e1n v p\u0159\u00edpad\u011b on-line ocen\u011bn\u00ed bytu nebo rodinn\u00e9ho domu, v ostatn\u00edch p\u0159\u00edpadech 5 000 K\u010d a v\u00edce<br \/>8 Bonus za sjedn\u00e1n\u00ed \u00fav\u011bru 7 000 K\u010d<br \/><br \/><br \/><\/pre>\n","protected":false},"excerpt":{"rendered":"<p>Tady jsou \u00fav\u011brov\u00e9 nab\u00eddky odpov\u00eddaj\u00edc\u00ed va\u0161emu zad\u00e1n\u00ed TIP:\u00a0 \u00dav\u011brov\u00e9 nab\u00eddky se dnes odv\u00edj\u00ed od minim\u00e1ln\u00ed \u00farokov\u00e9 sazby, za\u010dn\u011bte tedy namodelov\u00e1n\u00edm po\u017eadovan\u00e9ho \u00fav\u011bru od 1. poskytovatele v po\u0159ad\u00ed, p\u0159es odkaz &#8218;propo\u010det&#8216;. O \u00fav\u011br pak \u017e\u00e1dejte u banky s nejni\u017e\u0161\u00ed v\u00fdslednou spl\u00e1tkou. (Pokud bude sazba schv\u00e1len\u00e9ho \u00fav\u011bru oproti kalkulaci vy\u0161\u0161\u00ed, za\u017e\u00e1dejte p\u0159\u00edpadn\u011b [&hellip;]<\/p>\n","protected":false},"author":1,"featured_media":794,"parent":0,"menu_order":0,"comment_status":"closed","ping_status":"closed","template":"","meta":{"_exactmetrics_skip_tracking":false,"_exactmetrics_sitenote_active":false,"_exactmetrics_sitenote_note":"","_exactmetrics_sitenote_category":0,"_themeisle_gutenberg_block_has_review":false,"footnotes":""},"class_list":["post-996","page","type-page","status-publish","has-post-thumbnail","hentry"],"aioseo_notices":[],"_links":{"self":[{"href":"https:\/\/www.uverovy-radce.cz\/index.php?rest_route=\/wp\/v2\/pages\/996","targetHints":{"allow":["GET"]}}],"collection":[{"href":"https:\/\/www.uverovy-radce.cz\/index.php?rest_route=\/wp\/v2\/pages"}],"about":[{"href":"https:\/\/www.uverovy-radce.cz\/index.php?rest_route=\/wp\/v2\/types\/page"}],"author":[{"embeddable":true,"href":"https:\/\/www.uverovy-radce.cz\/index.php?rest_route=\/wp\/v2\/users\/1"}],"replies":[{"embeddable":true,"href":"https:\/\/www.uverovy-radce.cz\/index.php?rest_route=%2Fwp%2Fv2%2Fcomments&post=996"}],"version-history":[{"count":10,"href":"https:\/\/www.uverovy-radce.cz\/index.php?rest_route=\/wp\/v2\/pages\/996\/revisions"}],"predecessor-version":[{"id":1013,"href":"https:\/\/www.uverovy-radce.cz\/index.php?rest_route=\/wp\/v2\/pages\/996\/revisions\/1013"}],"wp:featuredmedia":[{"embeddable":true,"href":"https:\/\/www.uverovy-radce.cz\/index.php?rest_route=\/wp\/v2\/media\/794"}],"wp:attachment":[{"href":"https:\/\/www.uverovy-radce.cz\/index.php?rest_route=%2Fwp%2Fv2%2Fmedia&parent=996"}],"curies":[{"name":"wp","href":"https:\/\/api.w.org\/{rel}","templated":true}]}}