{"id":978,"date":"2025-10-23T10:10:14","date_gmt":"2025-10-23T10:10:14","guid":{"rendered":"https:\/\/www.uverovy-radce.cz\/?page_id=978"},"modified":"2025-11-06T09:57:39","modified_gmt":"2025-11-06T09:57:39","slug":"uverove-nabidky-4","status":"publish","type":"page","link":"https:\/\/www.uverovy-radce.cz\/?page_id=978","title":{"rendered":"\u00dav\u011brov\u00e9 nab\u00eddky"},"content":{"rendered":"\n<h4 class=\"wp-block-heading has-text-align-center\">Tady jsou \u00fav\u011brov\u00e9 nab\u00eddky odpov\u00eddaj\u00edc\u00ed va\u0161emu zad\u00e1n\u00ed<\/h4>\n\n\n\n<div style=\"height:30px\" aria-hidden=\"true\" class=\"wp-block-spacer\"><\/div>\n\n\n<h6 style=\"text-align: center;\"><span style=\"color: #999999;\"><span style=\"color: #ff0000;\">TIP<\/span>\u00a0 \u00dav\u011brov\u00e9 nab\u00eddky se dnes odv\u00edj\u00ed od minim\u00e1ln\u00ed \u00farokov\u00e9 sazby, za\u010dn\u011bte tedy namodelov\u00e1n\u00edm po\u017eadovan\u00e9ho \u00fav\u011bru od 1. poskytovatele v po\u0159ad\u00ed, p\u0159es odkaz <span style=\"color: #ff0000;\">&#8218;propo\u010det&#8216;<\/span>. O \u00fav\u011br pak \u017e\u00e1dejte u spole\u010dnosti s nejni\u017e\u0161\u00ed v\u00fdslednou spl\u00e1tkou. (Pokud bude sazba schv\u00e1len\u00e9ho \u00fav\u011bru oproti kalkulaci vy\u0161\u0161\u00ed, za\u017e\u00e1dejte p\u0159\u00edpadn\u011b o dal\u0161\u00ed \u00fav\u011br v po\u0159ad\u00ed dle va\u0161eho propo\u010dtu.)<\/span><\/h6>\n<table width=\"587\">\n<tbody>\n<tr>\n<td width=\"208\" style=\"text-align: center;\"><\/td>\n<td width=\"79\" style=\"text-align: center;\"><span style=\"color: #999999;\">splatnost (m\u011bs.)<\/span><\/td>\n<td width=\"79\" style=\"text-align: center;\"><strong><span style=\"color: #999999;\"><span style=\"color: #ffffff;\">..<\/span>\u00farok*<span style=\"color: #ffffff;\">..<\/span><\/span><\/strong><\/td>\n<td width=\"80\" style=\"text-align: center;\"><\/td>\n<td width=\"64\" style=\"text-align: center;\"><span style=\"color: #999999;\">popl.<\/span><\/td>\n<td width=\"77\" style=\"text-align: center;\"><span style=\"color: #999999;\">splacen\u00ed<\/span><\/td>\n<\/tr>\n<tr>\n<td style=\"text-align: left;\"><span style=\"color: #999999;\"><a href=\"https:\/\/ads.proficredit.cz\/r\/BN7Gw\/xMQZK\" style=\"color: #999999;\" target=\"_blank\" rel=\"nofollow noopener\">Podnikatelsk\u00e1 p\u016fj\u010dka<\/a><\/span><\/td>\n<td style=\"text-align: center;\"><span style=\"color: #999999;\">12 &#8211; 48<\/span><\/td>\n<td style=\"text-align: center;\"><strong><span style=\"color: #999999;\">9,82 %<\/span><\/strong><\/td>\n<td style=\"text-align: center;\"><span style=\"color: #ff0000;\"><a href=\"https:\/\/ads.proficredit.cz\/r\/BN7Gw\/xMQZK\" style=\"color: #ff0000;\" target=\"_blank\" rel=\"nofollow noopener\">propo\u010det<\/a><\/span><\/td>\n<td style=\"text-align: center;\"><span style=\"color: #999999;\">0 K\u010d<\/span><\/td>\n<td style=\"text-align: center;\"><span style=\"color: #999999;\">do 1 %<\/span><\/td>\n<\/tr>\n<tr>\n<td style=\"text-align: left;\"><span style=\"color: #999999;\"><a href=\"https:\/\/www.homecredit.cz\/pujcka-pro-podnikatele\" style=\"color: #999999;\" target=\"_blank\" rel=\"nofollow noopener\">HomeCredit<\/a><\/span><\/td>\n<td style=\"text-align: center;\"><span style=\"color: #999999;\">6 &#8211; 59<\/span><\/td>\n<td style=\"text-align: center;\"><strong><span style=\"color: #999999;\">12,9 %<\/span><\/strong><\/td>\n<td style=\"text-align: center;\"><span style=\"color: #ff0000;\"><a href=\"https:\/\/www.homecredit.cz\/pujcka-pro-podnikatele\" style=\"color: #ff0000;\" target=\"_blank\" rel=\"nofollow noopener\">propo\u010det<\/a><\/span><\/td>\n<td style=\"text-align: center;\"><span style=\"color: #999999;\">0 K\u010d<\/span><\/td>\n<td style=\"text-align: center;\"><span style=\"color: #999999;\">0 K\u010d<\/span><\/td>\n<\/tr>\n<tr>\n<td style=\"text-align: left;\"><span style=\"color: #999999;\"><a href=\"https:\/\/www.lemonero.cz\/sluzby\/pujcka-lemonero\" style=\"color: #999999;\" target=\"_blank\" rel=\"nofollow noopener\">Lemonero<\/a><\/span><\/td>\n<td style=\"text-align: center;\"><span style=\"color: #999999;\">3 &#8211; 12<\/span><\/td>\n<td style=\"text-align: center;\"><strong><span style=\"color: #999999;\">17,3 %<\/span><\/strong><\/td>\n<td style=\"text-align: center;\"><span style=\"color: #ff0000;\"><a href=\"https:\/\/www.lemonero.cz\/splatkova-kalkulacka\" style=\"color: #ff0000;\" target=\"_blank\" rel=\"nofollow noopener\">propo\u010det<\/a><\/span><\/td>\n<td style=\"text-align: center;\"><span style=\"color: #999999;\">0 K\u010d<\/span><\/td>\n<td style=\"text-align: center;\"><span style=\"color: #999999;\">0 K\u010d<\/span><\/td>\n<\/tr>\n<tr>\n<td style=\"text-align: left;\"><span style=\"color: #999999;\"><a href=\"https:\/\/flowpay.io\/?utm_source=egermajer&amp;utm_campaign=affiliate&amp;utm_medium=link&amp;utm_content=landingpage\" style=\"color: #999999;\" target=\"_blank\" rel=\"nofollow noopener\">FlowPay<\/a><\/span><\/td>\n<td style=\"text-align: center;\"><span style=\"color: #999999;\">1 &#8211; 12<\/span><\/td>\n<td style=\"text-align: center;\"><strong><span style=\"color: #999999;\">19,5 %<\/span><\/strong><\/td>\n<td style=\"text-align: center;\"><span style=\"color: #ff0000;\"><a href=\"https:\/\/flowpay.io\/financing-info\/?utm_source=egermajer&amp;utm_campaign=affiliate&amp;utm_medium=link&amp;utm_content=landingpage\" style=\"color: #ff0000;\" target=\"_blank\" rel=\"nofollow noopener\">propo\u010det<\/a><\/span><\/td>\n<td style=\"text-align: center;\"><span style=\"color: #999999;\">0 K\u010d<\/span><\/td>\n<td style=\"text-align: center;\"><span style=\"color: #999999;\">do 1 %<\/span><\/td>\n<\/tr>\n<tr>\n<td style=\"text-align: left;\"><span style=\"color: #999999;\"><a href=\"https:\/\/cashbot.cz\/uver\/\" style=\"color: #999999;\" target=\"_blank\" rel=\"nofollow noopener\">Cashbot<\/a><\/span><\/td>\n<td style=\"text-align: center;\"><span style=\"color: #999999;\">1 &#8211; 12<\/span><\/td>\n<td style=\"text-align: center;\"><strong><span style=\"color: #999999;\">20 %<\/span><\/strong><\/td>\n<td style=\"text-align: center;\"><span style=\"color: #ff0000;\"><a href=\"https:\/\/cashbot.cz\/uver\/\" style=\"color: #ff0000;\" target=\"_blank\" rel=\"nofollow noopener\">propo\u010det<\/a><\/span><\/td>\n<td style=\"text-align: center;\"><span style=\"color: #999999;\">0 K\u010d<\/span><\/td>\n<td style=\"text-align: center;\"><span style=\"color: #999999;\">0 K\u010d<\/span><\/td>\n<\/tr>\n<tr>\n<td style=\"text-align: left;\"><span style=\"color: #999999;\"><a href=\"https:\/\/espolupracecz.go2cloud.org\/aff_c?offer_id=776&amp;aff_id=9156&amp;source=uverovy-radce\" style=\"color: #999999;\" target=\"_blank\" rel=\"nofollow noopener\">Acema<\/a><\/span><\/td>\n<td style=\"text-align: center;\"><span style=\"color: #999999;\">12 &#8211; 180<\/span><\/td>\n<td style=\"text-align: center;\"><strong><span style=\"color: #999999;\">24 %<\/span><\/strong><\/td>\n<td style=\"text-align: center;\"><span style=\"color: #ff0000;\"><a href=\"https:\/\/espolupracecz.go2cloud.org\/aff_c?offer_id=776&amp;aff_id=9156&amp;source=uverovy-radce\" style=\"color: #ff0000;\" target=\"_blank\" rel=\"nofollow noopener\">propo\u010det<\/a><\/span><\/td>\n<td style=\"text-align: center;\"><span style=\"color: #999999;\">8%<\/span><\/td>\n<td style=\"text-align: center;\"><span style=\"color: #999999;\">0 K\u010d<\/span><\/td>\n<\/tr>\n<\/tbody>\n<\/table>\n\n\n<div style=\"height:15px\" aria-hidden=\"true\" class=\"wp-block-spacer\"><\/div>\n\n\n\n<div style=\"height:15px\" aria-hidden=\"true\" class=\"wp-block-spacer\"><\/div>\n\n\n\n<pre>* Minim\u00e1ln\u00ed sazba<br \/><br \/><br \/><\/pre>\n","protected":false},"excerpt":{"rendered":"<p>Tady jsou \u00fav\u011brov\u00e9 nab\u00eddky odpov\u00eddaj\u00edc\u00ed va\u0161emu zad\u00e1n\u00ed TIP\u00a0 \u00dav\u011brov\u00e9 nab\u00eddky se dnes odv\u00edj\u00ed od minim\u00e1ln\u00ed \u00farokov\u00e9 sazby, za\u010dn\u011bte tedy namodelov\u00e1n\u00edm po\u017eadovan\u00e9ho \u00fav\u011bru od 1. poskytovatele v po\u0159ad\u00ed, p\u0159es odkaz &#8218;propo\u010det&#8216;. O \u00fav\u011br pak \u017e\u00e1dejte u spole\u010dnosti s nejni\u017e\u0161\u00ed v\u00fdslednou spl\u00e1tkou. (Pokud bude sazba schv\u00e1len\u00e9ho \u00fav\u011bru oproti kalkulaci vy\u0161\u0161\u00ed, za\u017e\u00e1dejte p\u0159\u00edpadn\u011b [&hellip;]<\/p>\n","protected":false},"author":1,"featured_media":230,"parent":0,"menu_order":0,"comment_status":"closed","ping_status":"closed","template":"","meta":{"_exactmetrics_skip_tracking":false,"_exactmetrics_sitenote_active":false,"_exactmetrics_sitenote_note":"","_exactmetrics_sitenote_category":0,"_themeisle_gutenberg_block_has_review":false,"footnotes":""},"class_list":["post-978","page","type-page","status-publish","has-post-thumbnail","hentry"],"aioseo_notices":[],"_links":{"self":[{"href":"https:\/\/www.uverovy-radce.cz\/index.php?rest_route=\/wp\/v2\/pages\/978","targetHints":{"allow":["GET"]}}],"collection":[{"href":"https:\/\/www.uverovy-radce.cz\/index.php?rest_route=\/wp\/v2\/pages"}],"about":[{"href":"https:\/\/www.uverovy-radce.cz\/index.php?rest_route=\/wp\/v2\/types\/page"}],"author":[{"embeddable":true,"href":"https:\/\/www.uverovy-radce.cz\/index.php?rest_route=\/wp\/v2\/users\/1"}],"replies":[{"embeddable":true,"href":"https:\/\/www.uverovy-radce.cz\/index.php?rest_route=%2Fwp%2Fv2%2Fcomments&post=978"}],"version-history":[{"count":5,"href":"https:\/\/www.uverovy-radce.cz\/index.php?rest_route=\/wp\/v2\/pages\/978\/revisions"}],"predecessor-version":[{"id":993,"href":"https:\/\/www.uverovy-radce.cz\/index.php?rest_route=\/wp\/v2\/pages\/978\/revisions\/993"}],"wp:featuredmedia":[{"embeddable":true,"href":"https:\/\/www.uverovy-radce.cz\/index.php?rest_route=\/wp\/v2\/media\/230"}],"wp:attachment":[{"href":"https:\/\/www.uverovy-radce.cz\/index.php?rest_route=%2Fwp%2Fv2%2Fmedia&parent=978"}],"curies":[{"name":"wp","href":"https:\/\/api.w.org\/{rel}","templated":true}]}}