{"id":94,"date":"2025-01-28T10:19:00","date_gmt":"2025-01-28T10:19:00","guid":{"rendered":"https:\/\/www.uverovy-radce.cz\/?page_id=94"},"modified":"2025-11-13T10:44:45","modified_gmt":"2025-11-13T10:44:45","slug":"94-2","status":"publish","type":"page","link":"https:\/\/www.uverovy-radce.cz\/?page_id=94","title":{"rendered":""},"content":{"rendered":"<h4 style=\"text-align: center;\"><span style=\"color: #999999;\">Byl\/ je* \u017eadatel v prodlen\u00ed se sv\u00fdmi z\u00e1vazky v\u016f\u010di bance nebo mobiln\u00edmu oper\u00e1torovi?<\/span><\/h4>\n\n\n<div style=\"height:30px\" aria-hidden=\"true\" class=\"wp-block-spacer\"><\/div>\n\n\n<div class=\"wp-block-image is-style-rounded\">\n<figure class=\"aligncenter size-full is-resized\"><img loading=\"lazy\" decoding=\"async\" width=\"512\" height=\"423\" src=\"https:\/\/www.uverovy-radce.cz\/wp-content\/uploads\/2025\/03\/po_splatnosti-e1741088122956.png\" alt=\"\" class=\"wp-image-719\" style=\"width:324px\" srcset=\"https:\/\/www.uverovy-radce.cz\/wp-content\/uploads\/2025\/03\/po_splatnosti-e1741088122956.png 512w, https:\/\/www.uverovy-radce.cz\/wp-content\/uploads\/2025\/03\/po_splatnosti-e1741088122956-300x248.png 300w\" sizes=\"auto, (max-width: 512px) 100vw, 512px\" \/><\/figure>\n<\/div>\n\n\n<div style=\"height:70px\" aria-hidden=\"true\" class=\"wp-block-spacer\"><\/div>\n\n\n\n<div class=\"wp-block-buttons is-content-justification-center is-layout-flex wp-container-core-buttons-is-layout-a89b3969 wp-block-buttons-is-layout-flex\">\n<div class=\"wp-block-button has-custom-width wp-block-button__width-25\"><a class=\"wp-block-button__link has-background has-small-font-size has-custom-font-size wp-element-button\" href=\"https:\/\/www.investmen.cz\/?a_box=hfjp26mh&amp;a_cha=uverovy-radce\" style=\"background-color:#f70000;text-transform:uppercase\"><strong>A<\/strong>NO<\/a><\/div>\n\n\n\n<div class=\"wp-block-button has-custom-width wp-block-button__width-25\"><a class=\"wp-block-button__link has-background has-small-font-size has-custom-font-size wp-element-button\" href=\"https:\/\/www.uverovy-radce.cz\/?page_id=998\" style=\"background-color:#f70000;text-transform:uppercase\"><strong>N<\/strong>E<\/a><\/div>\n<\/div>\n\n\n\n<div style=\"height:30px\" aria-hidden=\"true\" class=\"wp-block-spacer\"><\/div>\n\n\n<pre>* za posledn\u00edch 10 let<\/pre>","protected":false},"excerpt":{"rendered":"<p>Byl\/ je* \u017eadatel v prodlen\u00ed se sv\u00fdmi z\u00e1vazky v\u016f\u010di bance nebo mobiln\u00edmu oper\u00e1torovi? * za posledn\u00edch 10 let<\/p>\n","protected":false},"author":1,"featured_media":258,"parent":0,"menu_order":0,"comment_status":"closed","ping_status":"closed","template":"","meta":{"_exactmetrics_skip_tracking":false,"_exactmetrics_sitenote_active":false,"_exactmetrics_sitenote_note":"","_exactmetrics_sitenote_category":0,"_themeisle_gutenberg_block_has_review":false,"footnotes":""},"class_list":["post-94","page","type-page","status-publish","has-post-thumbnail","hentry"],"aioseo_notices":[],"_links":{"self":[{"href":"https:\/\/www.uverovy-radce.cz\/index.php?rest_route=\/wp\/v2\/pages\/94","targetHints":{"allow":["GET"]}}],"collection":[{"href":"https:\/\/www.uverovy-radce.cz\/index.php?rest_route=\/wp\/v2\/pages"}],"about":[{"href":"https:\/\/www.uverovy-radce.cz\/index.php?rest_route=\/wp\/v2\/types\/page"}],"author":[{"embeddable":true,"href":"https:\/\/www.uverovy-radce.cz\/index.php?rest_route=\/wp\/v2\/users\/1"}],"replies":[{"embeddable":true,"href":"https:\/\/www.uverovy-radce.cz\/index.php?rest_route=%2Fwp%2Fv2%2Fcomments&post=94"}],"version-history":[{"count":27,"href":"https:\/\/www.uverovy-radce.cz\/index.php?rest_route=\/wp\/v2\/pages\/94\/revisions"}],"predecessor-version":[{"id":1003,"href":"https:\/\/www.uverovy-radce.cz\/index.php?rest_route=\/wp\/v2\/pages\/94\/revisions\/1003"}],"wp:featuredmedia":[{"embeddable":true,"href":"https:\/\/www.uverovy-radce.cz\/index.php?rest_route=\/wp\/v2\/media\/258"}],"wp:attachment":[{"href":"https:\/\/www.uverovy-radce.cz\/index.php?rest_route=%2Fwp%2Fv2%2Fmedia&parent=94"}],"curies":[{"name":"wp","href":"https:\/\/api.w.org\/{rel}","templated":true}]}}