{"id":910,"date":"2025-10-09T10:18:15","date_gmt":"2025-10-09T10:18:15","guid":{"rendered":"https:\/\/www.uverovy-radce.cz\/?page_id=910"},"modified":"2025-10-09T12:20:51","modified_gmt":"2025-10-09T12:20:51","slug":"910-2","status":"publish","type":"page","link":"https:\/\/www.uverovy-radce.cz\/?page_id=910","title":{"rendered":""},"content":{"rendered":"\n<h3 class=\"wp-block-heading has-text-align-center\"><span style=\"color: #999999;\">P\u0159ipad\u00e1 v \u00favahu bankovn\u00ed financov\u00e1n\u00ed?<\/span><\/h3>\n\n\n\n<h6 class=\"wp-block-heading has-text-align-center\"><span style=\"color: #999999;\">M\u016f\u017ee b\u00fdt z pohledu \u017eadatele \u0159e\u0161en\u00edm \u00fav\u011brov\u00fd produkt banky?<\/span><\/h6>\n\n\n<div class=\"wp-block-image is-style-rounded\">\n<figure class=\"aligncenter size-full is-resized\"><img loading=\"lazy\" decoding=\"async\" width=\"510\" height=\"363\" src=\"https:\/\/www.uverovy-radce.cz\/wp-content\/uploads\/2025\/10\/bankovni_uver-e1760012350533.png\" alt=\"\" class=\"wp-image-915\" style=\"width:324px\" srcset=\"https:\/\/www.uverovy-radce.cz\/wp-content\/uploads\/2025\/10\/bankovni_uver-e1760012350533.png 510w, https:\/\/www.uverovy-radce.cz\/wp-content\/uploads\/2025\/10\/bankovni_uver-e1760012350533-300x214.png 300w\" sizes=\"auto, (max-width: 510px) 100vw, 510px\" \/><\/figure>\n<\/div>\n\n\n<div style=\"height:70px\" aria-hidden=\"true\" class=\"wp-block-spacer\"><\/div>\n\n\n\n<div class=\"wp-block-buttons is-content-justification-center is-layout-flex wp-container-core-buttons-is-layout-a89b3969 wp-block-buttons-is-layout-flex\">\n<div class=\"wp-block-button has-custom-width wp-block-button__width-25\"><a class=\"wp-block-button__link has-background has-small-font-size has-custom-font-size wp-element-button\" href=\"https:\/\/www.uverovy-radce.cz\/?page_id=892\" style=\"background-color:#f70000;text-transform:uppercase\"><strong>A<\/strong>NO<\/a><\/div>\n\n\n\n<div class=\"wp-block-button has-custom-width wp-block-button__width-25\"><a class=\"wp-block-button__link has-background has-small-font-size has-custom-font-size wp-element-button\" href=\"https:\/\/ads.proficredit.cz\/r\/BN7Gw\/dlgRG\" style=\"background-color:#f70000;text-transform:uppercase\"><strong>N<\/strong>E<\/a><\/div>\n<\/div>\n\n\n\n<div style=\"height:30px\" aria-hidden=\"true\" class=\"wp-block-spacer\"><\/div>\n","protected":false},"excerpt":{"rendered":"<p>P\u0159ipad\u00e1 v \u00favahu bankovn\u00ed financov\u00e1n\u00ed? M\u016f\u017ee b\u00fdt z pohledu \u017eadatele \u0159e\u0161en\u00edm \u00fav\u011brov\u00fd produkt banky?<\/p>\n","protected":false},"author":1,"featured_media":501,"parent":0,"menu_order":0,"comment_status":"closed","ping_status":"closed","template":"","meta":{"_exactmetrics_skip_tracking":false,"_exactmetrics_sitenote_active":false,"_exactmetrics_sitenote_note":"","_exactmetrics_sitenote_category":0,"_themeisle_gutenberg_block_has_review":false,"footnotes":""},"class_list":["post-910","page","type-page","status-publish","has-post-thumbnail","hentry"],"aioseo_notices":[],"_links":{"self":[{"href":"https:\/\/www.uverovy-radce.cz\/index.php?rest_route=\/wp\/v2\/pages\/910","targetHints":{"allow":["GET"]}}],"collection":[{"href":"https:\/\/www.uverovy-radce.cz\/index.php?rest_route=\/wp\/v2\/pages"}],"about":[{"href":"https:\/\/www.uverovy-radce.cz\/index.php?rest_route=\/wp\/v2\/types\/page"}],"author":[{"embeddable":true,"href":"https:\/\/www.uverovy-radce.cz\/index.php?rest_route=\/wp\/v2\/users\/1"}],"replies":[{"embeddable":true,"href":"https:\/\/www.uverovy-radce.cz\/index.php?rest_route=%2Fwp%2Fv2%2Fcomments&post=910"}],"version-history":[{"count":9,"href":"https:\/\/www.uverovy-radce.cz\/index.php?rest_route=\/wp\/v2\/pages\/910\/revisions"}],"predecessor-version":[{"id":928,"href":"https:\/\/www.uverovy-radce.cz\/index.php?rest_route=\/wp\/v2\/pages\/910\/revisions\/928"}],"wp:featuredmedia":[{"embeddable":true,"href":"https:\/\/www.uverovy-radce.cz\/index.php?rest_route=\/wp\/v2\/media\/501"}],"wp:attachment":[{"href":"https:\/\/www.uverovy-radce.cz\/index.php?rest_route=%2Fwp%2Fv2%2Fmedia&parent=910"}],"curies":[{"name":"wp","href":"https:\/\/api.w.org\/{rel}","templated":true}]}}