{"id":905,"date":"2025-10-09T09:53:04","date_gmt":"2025-10-09T09:53:04","guid":{"rendered":"https:\/\/www.uverovy-radce.cz\/?page_id=905"},"modified":"2025-10-09T12:40:12","modified_gmt":"2025-10-09T12:40:12","slug":"905-2","status":"publish","type":"page","link":"https:\/\/www.uverovy-radce.cz\/?page_id=905","title":{"rendered":""},"content":{"rendered":"<h3 style=\"text-align: center;\"><span style=\"color: #999999;\">Bude \u00fav\u011br zaji\u0161t\u011bn nemovitost\u00ed?<\/span><\/h3>\n<h6 style=\"text-align: center;\"><span style=\"color: #999999;\">Zaji\u0161t\u011bn\u00ed \u00fav\u011bru nemovitost\u00ed znamen\u00e1 automaticky ni\u017e\u0161\u00ed \u00farokovou sazbu<\/span><\/h6>\n\n<div class=\"wp-block-image is-style-rounded\">\n<figure class=\"aligncenter size-full is-resized\"><img loading=\"lazy\" decoding=\"async\" width=\"512\" height=\"363\" src=\"https:\/\/www.uverovy-radce.cz\/wp-content\/uploads\/2025\/10\/komercni-1-e1760011923648.jpg\" alt=\"\" class=\"wp-image-912\" style=\"width:324px;height:auto\" srcset=\"https:\/\/www.uverovy-radce.cz\/wp-content\/uploads\/2025\/10\/komercni-1-e1760011923648.jpg 512w, https:\/\/www.uverovy-radce.cz\/wp-content\/uploads\/2025\/10\/komercni-1-e1760011923648-300x213.jpg 300w\" sizes=\"auto, (max-width: 512px) 100vw, 512px\" \/><\/figure>\n<\/div>\n\n\n<div style=\"height:70px\" aria-hidden=\"true\" class=\"wp-block-spacer\"><\/div>\n\n\n\n<div class=\"wp-block-buttons is-content-justification-center is-layout-flex wp-container-core-buttons-is-layout-a89b3969 wp-block-buttons-is-layout-flex\">\n<div class=\"wp-block-button has-custom-width wp-block-button__width-25\"><a class=\"wp-block-button__link has-background has-small-font-size has-custom-font-size wp-element-button\" href=\"https:\/\/www.uverovy-radce.cz\/?page_id=910\" style=\"background-color:#f70000;text-transform:uppercase\"><strong>A<\/strong>NO<\/a><\/div>\n\n\n\n<div class=\"wp-block-button has-custom-width wp-block-button__width-25\"><a class=\"wp-block-button__link has-background has-small-font-size has-custom-font-size wp-element-button\" href=\"https:\/\/www.uverovy-radce.cz\/?page_id=938\" style=\"background-color:#f70000;padding-right:0;padding-left:0;text-transform:uppercase\"><strong>N<\/strong>E<\/a><\/div>\n<\/div>\n\n\n\n<div style=\"height:70px\" aria-hidden=\"true\" class=\"wp-block-spacer\"><\/div>\n","protected":false},"excerpt":{"rendered":"<p>Bude \u00fav\u011br zaji\u0161t\u011bn nemovitost\u00ed? Zaji\u0161t\u011bn\u00ed \u00fav\u011bru nemovitost\u00ed znamen\u00e1 automaticky ni\u017e\u0161\u00ed \u00farokovou sazbu<\/p>\n","protected":false},"author":1,"featured_media":410,"parent":0,"menu_order":0,"comment_status":"closed","ping_status":"closed","template":"","meta":{"_exactmetrics_skip_tracking":false,"_exactmetrics_sitenote_active":false,"_exactmetrics_sitenote_note":"","_exactmetrics_sitenote_category":0,"_themeisle_gutenberg_block_has_review":false,"footnotes":""},"class_list":["post-905","page","type-page","status-publish","has-post-thumbnail","hentry"],"aioseo_notices":[],"_links":{"self":[{"href":"https:\/\/www.uverovy-radce.cz\/index.php?rest_route=\/wp\/v2\/pages\/905","targetHints":{"allow":["GET"]}}],"collection":[{"href":"https:\/\/www.uverovy-radce.cz\/index.php?rest_route=\/wp\/v2\/pages"}],"about":[{"href":"https:\/\/www.uverovy-radce.cz\/index.php?rest_route=\/wp\/v2\/types\/page"}],"author":[{"embeddable":true,"href":"https:\/\/www.uverovy-radce.cz\/index.php?rest_route=\/wp\/v2\/users\/1"}],"replies":[{"embeddable":true,"href":"https:\/\/www.uverovy-radce.cz\/index.php?rest_route=%2Fwp%2Fv2%2Fcomments&post=905"}],"version-history":[{"count":5,"href":"https:\/\/www.uverovy-radce.cz\/index.php?rest_route=\/wp\/v2\/pages\/905\/revisions"}],"predecessor-version":[{"id":940,"href":"https:\/\/www.uverovy-radce.cz\/index.php?rest_route=\/wp\/v2\/pages\/905\/revisions\/940"}],"wp:featuredmedia":[{"embeddable":true,"href":"https:\/\/www.uverovy-radce.cz\/index.php?rest_route=\/wp\/v2\/media\/410"}],"wp:attachment":[{"href":"https:\/\/www.uverovy-radce.cz\/index.php?rest_route=%2Fwp%2Fv2%2Fmedia&parent=905"}],"curies":[{"name":"wp","href":"https:\/\/api.w.org\/{rel}","templated":true}]}}