{"id":64,"date":"2025-01-28T09:32:04","date_gmt":"2025-01-28T09:32:04","guid":{"rendered":"https:\/\/www.uverovy-radce.cz\/?page_id=64"},"modified":"2025-10-09T10:02:17","modified_gmt":"2025-10-09T10:02:17","slug":"subjekt","status":"publish","type":"page","link":"https:\/\/www.uverovy-radce.cz\/?page_id=64","title":{"rendered":""},"content":{"rendered":"<h3 style=\"text-align: center;\"><span style=\"color: #999999;\">Kdo je \u017eadatelem o \u00fav\u011br?<\/span><\/h3>\n\n\n<div style=\"height:27px\" aria-hidden=\"true\" class=\"wp-block-spacer\"><\/div>\n\n\n\n<div class=\"wp-block-group\"><div class=\"wp-block-group__inner-container is-layout-constrained wp-block-group-is-layout-constrained\">\n<div class=\"wp-block-group is-content-justification-center is-nowrap is-layout-flex wp-container-core-group-is-layout-23441af8 wp-block-group-is-layout-flex\">\n<div class=\"wp-block-group\"><div class=\"wp-block-group__inner-container is-layout-constrained wp-block-group-is-layout-constrained\">\n<div class=\"wp-block-group is-nowrap is-layout-flex wp-container-core-group-is-layout-6c531013 wp-block-group-is-layout-flex\">\n<figure class=\"wp-block-image size-full is-resized is-style-default\"><img loading=\"lazy\" decoding=\"async\" width=\"708\" height=\"720\" src=\"https:\/\/www.uverovy-radce.cz\/wp-content\/uploads\/2025\/02\/osoba-6.webp\" alt=\"\u017eadatel o \u00fav\u011br - osoba\" class=\"wp-image-401\" style=\"width:189px;height:auto\" srcset=\"https:\/\/www.uverovy-radce.cz\/wp-content\/uploads\/2025\/02\/osoba-6.webp 708w, https:\/\/www.uverovy-radce.cz\/wp-content\/uploads\/2025\/02\/osoba-6-295x300.webp 295w\" sizes=\"auto, (max-width: 708px) 100vw, 708px\" \/><\/figure>\n\n\n\n<figure class=\"wp-block-image size-large is-resized is-style-default\"><img loading=\"lazy\" decoding=\"async\" width=\"890\" height=\"1024\" src=\"https:\/\/www.uverovy-radce.cz\/wp-content\/uploads\/2025\/02\/firma-10-890x1024.png\" alt=\"\u017eadatel o \u00fav\u011br - firma\" class=\"wp-image-400\" style=\"width:173px\" srcset=\"https:\/\/www.uverovy-radce.cz\/wp-content\/uploads\/2025\/02\/firma-10-890x1024.png 890w, https:\/\/www.uverovy-radce.cz\/wp-content\/uploads\/2025\/02\/firma-10-261x300.png 261w, https:\/\/www.uverovy-radce.cz\/wp-content\/uploads\/2025\/02\/firma-10-768x884.png 768w, https:\/\/www.uverovy-radce.cz\/wp-content\/uploads\/2025\/02\/firma-10.png 1112w\" sizes=\"auto, (max-width: 890px) 100vw, 890px\" \/><\/figure>\n<\/div>\n<\/div><\/div>\n<\/div>\n\n\n\n<div class=\"wp-block-group\"><div class=\"wp-block-group__inner-container is-layout-constrained wp-block-group-is-layout-constrained\">\n<div style=\"height:30px\" aria-hidden=\"true\" class=\"wp-block-spacer\"><\/div>\n<\/div><\/div>\n<\/div><\/div>\n\n\n\n<div class=\"wp-block-buttons has-custom-font-size has-small-font-size is-horizontal is-content-justification-center is-layout-flex wp-container-core-buttons-is-layout-ef5ce59c wp-block-buttons-is-layout-flex\">\n<div class=\"wp-block-button has-custom-width wp-block-button__width-25\"><a class=\"wp-block-button__link has-background has-small-font-size has-custom-font-size wp-element-button\" href=\"https:\/\/www.uverovy-radce.cz\/?page_id=79\" style=\"border-style:none;border-width:0px;background-color:#f70000;text-transform:uppercase\"><strong>Osoba<\/strong>*<\/a><\/div>\n\n\n\n<div class=\"wp-block-button has-custom-width wp-block-button__width-25\"><a class=\"wp-block-button__link has-background has-small-font-size has-custom-font-size wp-element-button\" href=\"https:\/\/www.uverovy-radce.cz\/?page_id=905\" style=\"border-style:none;border-width:0px;background-color:#f70000;text-transform:uppercase\"><strong>Firma<\/strong><\/a><\/div>\n<\/div>\n\n\n\n<div style=\"height:30px\" aria-hidden=\"true\" class=\"wp-block-spacer\"><\/div>\n\n\n<pre>* v\u010detn\u011b OSV\u010c - osob samostatn\u011b v\u00fdd\u011ble\u010dn\u011b \u010dinn\u00fdch<\/pre>","protected":false},"excerpt":{"rendered":"<p>Kdo je \u017eadatelem o \u00fav\u011br? * v\u010detn\u011b OSV\u010c &#8211; osob samostatn\u011b v\u00fdd\u011ble\u010dn\u011b \u010dinn\u00fdch<\/p>\n","protected":false},"author":1,"featured_media":463,"parent":0,"menu_order":0,"comment_status":"closed","ping_status":"closed","template":"","meta":{"_exactmetrics_skip_tracking":false,"_exactmetrics_sitenote_active":false,"_exactmetrics_sitenote_note":"","_exactmetrics_sitenote_category":0,"_themeisle_gutenberg_block_has_review":false,"footnotes":""},"class_list":["post-64","page","type-page","status-publish","has-post-thumbnail","hentry"],"aioseo_notices":[],"_links":{"self":[{"href":"https:\/\/www.uverovy-radce.cz\/index.php?rest_route=\/wp\/v2\/pages\/64","targetHints":{"allow":["GET"]}}],"collection":[{"href":"https:\/\/www.uverovy-radce.cz\/index.php?rest_route=\/wp\/v2\/pages"}],"about":[{"href":"https:\/\/www.uverovy-radce.cz\/index.php?rest_route=\/wp\/v2\/types\/page"}],"author":[{"embeddable":true,"href":"https:\/\/www.uverovy-radce.cz\/index.php?rest_route=\/wp\/v2\/users\/1"}],"replies":[{"embeddable":true,"href":"https:\/\/www.uverovy-radce.cz\/index.php?rest_route=%2Fwp%2Fv2%2Fcomments&post=64"}],"version-history":[{"count":46,"href":"https:\/\/www.uverovy-radce.cz\/index.php?rest_route=\/wp\/v2\/pages\/64\/revisions"}],"predecessor-version":[{"id":909,"href":"https:\/\/www.uverovy-radce.cz\/index.php?rest_route=\/wp\/v2\/pages\/64\/revisions\/909"}],"wp:featuredmedia":[{"embeddable":true,"href":"https:\/\/www.uverovy-radce.cz\/index.php?rest_route=\/wp\/v2\/media\/463"}],"wp:attachment":[{"href":"https:\/\/www.uverovy-radce.cz\/index.php?rest_route=%2Fwp%2Fv2%2Fmedia&parent=64"}],"curies":[{"name":"wp","href":"https:\/\/api.w.org\/{rel}","templated":true}]}}