{"id":311,"date":"2025-02-05T14:17:57","date_gmt":"2025-02-05T14:17:57","guid":{"rendered":"https:\/\/www.uverovy-radce.cz\/?page_id=311"},"modified":"2025-09-04T10:13:14","modified_gmt":"2025-09-04T10:13:14","slug":"311-2","status":"publish","type":"page","link":"https:\/\/www.uverovy-radce.cz\/?page_id=311","title":{"rendered":""},"content":{"rendered":"<h5 style=\"text-align: center;\"><span style=\"color: #999999;\">Nezoufejte, \u0159e\u0161en\u00ed zpravidla <span style=\"color: #ff0000;\">existuje<span style=\"color: #999999;\">. Vyb\u00edrat lze z \u00fav\u011brov\u00fdch nab\u00eddek 40+ spole\u010dnost\u00ed, <\/span><\/span><\/span><span style=\"color: #999999;\"><span style=\"color: #ff0000;\"><span style=\"color: #999999;\">s \u00farokem dokonce u\u017e od\u00a0 <strong><span style=\"color: #ff0000;\">0 % p<\/span><\/strong><\/span><\/span><\/span><strong><span style=\"color: #ff0000;\">.a.<\/span><\/strong><\/h5>\n<h6 style=\"text-align: center;\"><span style=\"color: #999999;\">Up\u0159esn\u011bte jen po\u017eadovanou v\u00fd\u0161i \u00fav\u011bru, odpov\u00eddaj\u00edc\u00ed \u00fav\u011brov\u00e9 nab\u00eddky v\u00e1m za\u0161leme, a to ZDARMA<\/span><\/h6>\n\n\n<div style=\"height:30px\" aria-hidden=\"true\" class=\"wp-block-spacer\"><\/div>\n\n\n<style id=\"wpforms-css-vars-450-block-d133e6aa-e107-4e41-839e-3fec91d63ec9\">\n\t\t\t\t#wpforms-450.wpforms-block-d133e6aa-e107-4e41-839e-3fec91d63ec9 {\n\t\t\t\t--wpforms-field-border-style: dashed;\n--wpforms-field-background-color: #E5E5E5;\n--wpforms-field-border-color: #ffffff;\n--wpforms-field-border-color-spare: #ffffff;\n--wpforms-field-size-input-height: 43px;\n--wpforms-field-size-input-spacing: 15px;\n--wpforms-field-size-font-size: 16px;\n--wpforms-field-size-line-height: 19px;\n--wpforms-field-size-padding-h: 14px;\n--wpforms-field-size-checkbox-size: 16px;\n--wpforms-field-size-sublabel-spacing: 5px;\n--wpforms-field-size-icon-size: 1;\n--wpforms-label-size-font-size: 16px;\n--wpforms-label-size-line-height: 19px;\n--wpforms-label-size-sublabel-font-size: 14px;\n--wpforms-label-size-sublabel-line-height: 17px;\n--wpforms-button-size-font-size: 17px;\n--wpforms-button-size-height: 41px;\n--wpforms-button-size-padding-h: 15px;\n--wpforms-button-size-margin-top: 10px;\n\t\t\t}\n\t\t\t<\/style><div class=\"wpforms-container wpforms-container-full wpforms-block wpforms-block-d133e6aa-e107-4e41-839e-3fec91d63ec9 wpforms-render-modern\" id=\"wpforms-450\"><form id=\"wpforms-form-450\" class=\"wpforms-validate wpforms-form wpforms-ajax-form\" data-formid=\"450\" method=\"post\" enctype=\"multipart\/form-data\" action=\"\/index.php?rest_route=%2Fwp%2Fv2%2Fpages%2F311\" data-token=\"dfd40325debd6df41e9a90019f7aa9c4\" data-token-time=\"1777686859\"><noscript class=\"wpforms-error-noscript\">Chcete-li vyplnit tento formul\u00e1\u0159, pros\u00edm povolte v prohl\u00ed\u017ee\u010di JavaScript.<\/noscript><div id=\"wpforms-error-noscript\" style=\"display: none;\">Chcete-li vyplnit tento formul\u00e1\u0159, pros\u00edm povolte v prohl\u00ed\u017ee\u010di JavaScript.<\/div><div class=\"wpforms-field-container\">\t\t<div id=\"wpforms-450-field_1-container\"\n\t\t\tclass=\"wpforms-field wpforms-field-text\"\n\t\t\tdata-field-type=\"text\"\n\t\t\tdata-field-id=\"1\"\n\t\t\t>\n\t\t\t<label class=\"wpforms-field-label\" for=\"wpforms-450-field_1\" >Pozn\u00e1mka V\u00fd\u0161e \u017dadatel<\/label>\n\t\t\t<input type=\"text\" id=\"wpforms-450-field_1\" class=\"wpforms-field-medium\" name=\"wpforms[fields][1]\" >\n\t\t<\/div>\n\t\t<div id=\"wpforms-450-field_4-container\" class=\"wpforms-field wpforms-field-text\" data-field-id=\"4\"><label class=\"wpforms-field-label\" for=\"wpforms-450-field_4\">V\u00fd\u0161e \u00fav\u011bru <span class=\"wpforms-required-label\" aria-hidden=\"true\">*<\/span><\/label><input type=\"text\" id=\"wpforms-450-field_4\" class=\"wpforms-field-small wpforms-field-required\" name=\"wpforms[fields][4]\" placeholder=\"Mimin\u00e1ln\u00ed po\u017eadovan\u00e1\" aria-errormessage=\"wpforms-450-field_4-error\" required><\/div><div id=\"wpforms-450-field_5-container\" class=\"wpforms-field wpforms-field-select wpforms-field-select-style-classic\" data-field-id=\"5\"><label class=\"wpforms-field-label\" for=\"wpforms-450-field_5\">\u017dadatel<\/label><select id=\"wpforms-450-field_5\" class=\"wpforms-field-small\" name=\"wpforms[fields][5]\"><option value=\"Fyzick\u00e1 osoba\"  selected='selected' class=\"choice-1 depth-1\"  >Fyzick\u00e1 osoba<\/option><option value=\"Podnikatel\"  class=\"choice-2 depth-1\"  >Podnikatel<\/option><\/select><\/div><div id=\"wpforms-450-field_2-container\" class=\"wpforms-field wpforms-field-email\" data-field-id=\"2\"><label class=\"wpforms-field-label\" for=\"wpforms-450-field_2\">E-mail <span class=\"wpforms-required-label\" aria-hidden=\"true\">*<\/span><\/label><input type=\"email\" id=\"wpforms-450-field_2\" class=\"wpforms-field-medium wpforms-field-required\" name=\"wpforms[fields][2]\" placeholder=\"Adresa pro zasl\u00e1n\u00ed \u00fav\u011brov\u00fdch nab\u00eddek\" spellcheck=\"false\" aria-errormessage=\"wpforms-450-field_2-error\" required><\/div><div id=\"wpforms-450-field_3-container\" class=\"wpforms-field wpforms-field-textarea\" data-field-id=\"3\"><label class=\"wpforms-field-label\" for=\"wpforms-450-field_3\">Pozn\u00e1mka<\/label><textarea id=\"wpforms-450-field_3\" class=\"wpforms-field-medium\" name=\"wpforms[fields][3]\" placeholder=\"P\u0159\u00edpadn\u00e9 dopl\u0148uj\u00edc\u00ed informace\" aria-errormessage=\"wpforms-450-field_3-error\" ><\/textarea><\/div><script>\n\t\t\t\t( function() {\n\t\t\t\t\tconst style = document.createElement( 'style' );\n\t\t\t\t\tstyle.appendChild( document.createTextNode( '#wpforms-450-field_1-container { position: absolute !important; overflow: hidden !important; display: inline !important; height: 1px !important; width: 1px !important; z-index: -1000 !important; padding: 0 !important; } #wpforms-450-field_1-container input { visibility: hidden; } #wpforms-conversational-form-page #wpforms-450-field_1-container label { counter-increment: none; }' ) );\n\t\t\t\t\tdocument.head.appendChild( style );\n\t\t\t\t\tdocument.currentScript?.remove();\n\t\t\t\t} )();\n\t\t\t<\/script><\/div><!-- .wpforms-field-container --><div class=\"wpforms-recaptcha-container wpforms-is-hcaptcha\" ><div class=\"h-captcha\" data-sitekey=\"60eefc36-dfb8-4f44-b5aa-b1b6bdde574c\"><\/div><input type=\"text\" name=\"g-recaptcha-hidden\" class=\"wpforms-recaptcha-hidden\" style=\"position:absolute!important;clip:rect(0,0,0,0)!important;height:1px!important;width:1px!important;border:0!important;overflow:hidden!important;padding:0!important;margin:0!important;\" data-rule-hcaptcha=\"1\"><\/div><div class=\"wpforms-submit-container\" ><input type=\"hidden\" name=\"wpforms[id]\" value=\"450\"><input type=\"hidden\" name=\"page_title\" value=\"\"><input type=\"hidden\" name=\"page_url\" value=\"https:\/\/www.uverovy-radce.cz\/index.php?rest_route=\/wp\/v2\/pages\/311\"><input type=\"hidden\" name=\"url_referer\" value=\"\"><button type=\"submit\" name=\"wpforms[submit]\" id=\"wpforms-submit-450\" class=\"wpforms-submit\" data-alt-text=\"Odes\u00edl\u00e1ni...\" data-submit-text=\"Odeslat\" aria-live=\"assertive\" value=\"wpforms-submit\">Odeslat<\/button><img loading=\"lazy\" decoding=\"async\" src=\"https:\/\/www.uverovy-radce.cz\/wp-content\/plugins\/wpforms-lite\/assets\/images\/submit-spin.svg\" class=\"wpforms-submit-spinner\" style=\"display: none;\" width=\"26\" height=\"26\" alt=\"Na\u010d\u00edt\u00e1n\u00ed\"><\/div><\/form><\/div>  <!-- .wpforms-container -->\n\n\n<div style=\"height:30px\" aria-hidden=\"true\" class=\"wp-block-spacer\"><\/div>\n","protected":false},"excerpt":{"rendered":"<p>Nezoufejte, \u0159e\u0161en\u00ed zpravidla existuje. Vyb\u00edrat lze z \u00fav\u011brov\u00fdch nab\u00eddek 40+ spole\u010dnost\u00ed, s \u00farokem dokonce u\u017e od\u00a0 0 % p.a. Up\u0159esn\u011bte jen po\u017eadovanou v\u00fd\u0161i \u00fav\u011bru, odpov\u00eddaj\u00edc\u00ed \u00fav\u011brov\u00e9 nab\u00eddky v\u00e1m za\u0161leme, a to ZDARMA<\/p>\n","protected":false},"author":1,"featured_media":463,"parent":0,"menu_order":0,"comment_status":"closed","ping_status":"closed","template":"","meta":{"_exactmetrics_skip_tracking":false,"_exactmetrics_sitenote_active":false,"_exactmetrics_sitenote_note":"","_exactmetrics_sitenote_category":0,"_themeisle_gutenberg_block_has_review":false,"footnotes":""},"class_list":["post-311","page","type-page","status-publish","has-post-thumbnail","hentry"],"aioseo_notices":[],"_links":{"self":[{"href":"https:\/\/www.uverovy-radce.cz\/index.php?rest_route=\/wp\/v2\/pages\/311","targetHints":{"allow":["GET"]}}],"collection":[{"href":"https:\/\/www.uverovy-radce.cz\/index.php?rest_route=\/wp\/v2\/pages"}],"about":[{"href":"https:\/\/www.uverovy-radce.cz\/index.php?rest_route=\/wp\/v2\/types\/page"}],"author":[{"embeddable":true,"href":"https:\/\/www.uverovy-radce.cz\/index.php?rest_route=\/wp\/v2\/users\/1"}],"replies":[{"embeddable":true,"href":"https:\/\/www.uverovy-radce.cz\/index.php?rest_route=%2Fwp%2Fv2%2Fcomments&post=311"}],"version-history":[{"count":45,"href":"https:\/\/www.uverovy-radce.cz\/index.php?rest_route=\/wp\/v2\/pages\/311\/revisions"}],"predecessor-version":[{"id":875,"href":"https:\/\/www.uverovy-radce.cz\/index.php?rest_route=\/wp\/v2\/pages\/311\/revisions\/875"}],"wp:featuredmedia":[{"embeddable":true,"href":"https:\/\/www.uverovy-radce.cz\/index.php?rest_route=\/wp\/v2\/media\/463"}],"wp:attachment":[{"href":"https:\/\/www.uverovy-radce.cz\/index.php?rest_route=%2Fwp%2Fv2%2Fmedia&parent=311"}],"curies":[{"name":"wp","href":"https:\/\/api.w.org\/{rel}","templated":true}]}}