{"id":227,"date":"2025-02-04T10:29:01","date_gmt":"2025-02-04T10:29:01","guid":{"rendered":"https:\/\/www.uverovy-radce.cz\/?page_id=227"},"modified":"2025-08-21T07:46:34","modified_gmt":"2025-08-21T07:46:34","slug":"227-2","status":"publish","type":"page","link":"https:\/\/www.uverovy-radce.cz\/?page_id=227","title":{"rendered":"\u00dav\u011brov\u00e9 nab\u00eddky"},"content":{"rendered":"\n<h4 class=\"wp-block-heading has-text-align-center\">Tady jsou \u00fav\u011brov\u00e9 nab\u00eddky odpov\u00eddaj\u00edc\u00ed va\u0161emu zad\u00e1n\u00ed<\/h4>\n\n\n\n<div style=\"height:30px\" aria-hidden=\"true\" class=\"wp-block-spacer\"><\/div>\n\n\n<h6 style=\"text-align: center;\"><span style=\"color: #999999;\"><span style=\"color: #ff0000;\">TIP:<\/span>\u00a0 \u00dav\u011brov\u00e9 nab\u00eddky se dnes odv\u00edj\u00ed od minim\u00e1ln\u00ed \u00farokov\u00e9 sazby, za\u010dn\u011bte tedy namodelov\u00e1n\u00edm po\u017eadovan\u00e9ho \u00fav\u011bru od 1. poskytovatele v po\u0159ad\u00ed, p\u0159es odkaz <span style=\"color: #ff0000;\">&#8218;propo\u010det&#8216;<\/span>. O \u00fav\u011br pak \u017e\u00e1dejte u banky s nejni\u017e\u0161\u00ed v\u00fdslednou spl\u00e1tkou. (Pokud bude sazba schv\u00e1len\u00e9ho \u00fav\u011bru oproti kalkulaci vy\u0161\u0161\u00ed, za\u017e\u00e1dejte p\u0159\u00edpadn\u011b o dal\u0161\u00ed \u00fav\u011br v po\u0159ad\u00ed dle va\u0161eho propo\u010dtu.)<\/span><\/h6>\n<table width=\"684\">\n<tbody>\n<tr>\n<td width=\"208\" style=\"text-align: center;\"><\/td>\n<td width=\"68\" style=\"text-align: center;\"><strong><span style=\"color: #999999;\"><span style=\"color: #ffffff;\">..<\/span>\u00farok*<span style=\"color: #ffffff;\">..<\/span><\/span><\/strong><\/td>\n<td width=\"68\" style=\"text-align: center;\"><span style=\"color: #999999;\">RPSN*<\/span><\/td>\n<td width=\"85\" style=\"text-align: center;\"><\/td>\n<td width=\"85\" style=\"text-align: center;\"><span style=\"color: #999999;\">poskytnut\u00ed<\/span><\/td>\n<td width=\"85\" style=\"text-align: center;\"><span style=\"color: #999999;\"><span style=\"color: #ffffff;\">.<\/span>splacen\u00ed<span style=\"color: #ffffff;\">.<\/span><\/span><\/td>\n<td width=\"85\" style=\"text-align: center;\"><span style=\"color: #999999;\">odklad spl\u00e1c.<\/span><\/td>\n<\/tr>\n<tr>\n<td style=\"text-align: left;\"><span style=\"color: #999999;\"><a href=\"https:\/\/zonky.cz\/nejlevnejsi?a_box=9zc7s6j6&amp;a_cha=uverovy-radce\" style=\"color: #999999;\" target=\"_blank\" rel=\"nofollow noopener\">Zonky<\/a><\/span><\/td>\n<td style=\"text-align: center;\"><strong><span style=\"color: #999999;\">3,99 %<\/span><\/strong><\/td>\n<td style=\"text-align: center;\"><span style=\"color: #999999;\">4,49 %<\/span><\/td>\n<td style=\"text-align: center;\"><span style=\"color: #ff0000;\"><a href=\"https:\/\/zonky.cz\/nejlevnejsi?a_box=9zc7s6j6&amp;a_cha=uverovy-radce\" style=\"color: #ff0000;\" target=\"_blank\" rel=\"nofollow noopener\">propo\u010det<\/a><\/span><\/td>\n<td style=\"text-align: center;\"><span style=\"color: #999999;\">2 %<\/span><\/td>\n<td style=\"text-align: center;\"><span style=\"color: #999999;\">0 K\u010d<\/span><\/td>\n<td style=\"text-align: center;\"><span style=\"color: #999999;\">2<\/span><\/td>\n<\/tr>\n<tr>\n<td style=\"text-align: left;\"><span style=\"color: #999999;\"><a href=\"https:\/\/ehub.cz\/system\/scripts\/click.php?a_aid=2ee04f86&amp;a_bid=5b4b99ee&amp;data1=sluzby-zbozi\" style=\"color: #999999;\" target=\"_blank\" rel=\"nofollow noopener\">Raiffeisenbank<\/a><\/span><\/td>\n<td style=\"text-align: center;\"><strong><span style=\"color: #999999;\">4,3 %<\/span><\/strong><\/td>\n<td style=\"text-align: center;\"><span style=\"color: #999999;\">4,39 %<\/span><\/td>\n<td style=\"text-align: center;\"><span style=\"color: #ff0000;\"><a href=\"https:\/\/espolupracecz.go2cloud.org\/aff_c?offer_id=736&amp;aff_id=9156&amp;source=uverovy-radce\" style=\"color: #ff0000;\" target=\"_blank\" rel=\"nofollow noopener\">propo\u010det<\/a><\/span><\/td>\n<td style=\"text-align: center;\"><span style=\"color: #999999;\">0 K\u010d<\/span><\/td>\n<td style=\"text-align: center;\"><span style=\"color: #999999;\">0 K\u010d<\/span><\/td>\n<td style=\"text-align: center;\"><span style=\"color: #999999;\">ne<\/span><\/td>\n<\/tr>\n<tr>\n<td style=\"text-align: left;\"><span style=\"color: #999999;\"><a href=\"https:\/\/www.csas.cz\/cs\/osobni-finance\/pujcky\/pujcka\" style=\"color: #999999;\" target=\"_blank\" rel=\"nofollow noopener\">\u010cesk\u00e1 spo\u0159itelna<sup>6<\/sup><\/a><\/span><\/td>\n<td style=\"text-align: center;\"><strong><span style=\"color: #999999;\">4,39 %<\/span><\/strong><\/td>\n<td style=\"text-align: center;\"><span style=\"color: #999999;\">4,48 %<\/span><\/td>\n<td style=\"text-align: center;\"><span style=\"color: #ff0000;\"><a href=\"https:\/\/www.csas.cz\/cs\/osobni-finance\/pujcky\/pujcka\" style=\"color: #ff0000;\" target=\"_blank\" rel=\"nofollow noopener\">propo\u010det<\/a><\/span><\/td>\n<td style=\"text-align: center;\"><span style=\"color: #999999;\">0 K\u010d<\/span><\/td>\n<td style=\"text-align: center;\"><span style=\"color: #999999;\">0 K\u010d<\/span><\/td>\n<td style=\"text-align: center;\"><span style=\"color: #999999;\">1<\/span><\/td>\n<\/tr>\n<tr>\n<td style=\"text-align: left;\"><span style=\"color: #999999;\"><a href=\"https:\/\/www.airbank.cz\/produkty\/pujcka\/\" style=\"color: #999999;\" target=\"_blank\" rel=\"nofollow noopener\">Air Bank<\/a><\/span><\/td>\n<td style=\"text-align: center;\"><strong><span style=\"color: #999999;\">4,4 %<\/span><\/strong><\/td>\n<td style=\"text-align: center;\"><span style=\"color: #999999;\">4,49 %<\/span><\/td>\n<td style=\"text-align: center;\"><span style=\"color: #ff0000;\"><a href=\"https:\/\/www.airbank.cz\/produkty\/pujcka\/\" style=\"color: #ff0000;\" target=\"_blank\" rel=\"nofollow noopener\">propo\u010det<\/a><\/span><\/td>\n<td style=\"text-align: center;\"><span style=\"color: #999999;\">0 K\u010d<\/span><\/td>\n<td style=\"text-align: center;\"><span style=\"color: #999999;\">0 K\u010d<\/span><\/td>\n<td style=\"text-align: center;\"><span style=\"color: #999999;\">2<\/span><\/td>\n<\/tr>\n<tr>\n<td style=\"text-align: left;\"><span style=\"color: #999999;\"><a href=\"https:\/\/www.moneta.cz\/pujcky-a-uvery\/pujcka-na-cokoliv\" style=\"color: #999999;\" target=\"_blank\" rel=\"nofollow noopener\">Moneta Money Bank<\/a><\/span><\/td>\n<td style=\"text-align: center;\"><strong><span style=\"color: #999999;\">4,4 %<\/span><\/strong><\/td>\n<td style=\"text-align: center;\"><span style=\"color: #999999;\">4,49 %<\/span><\/td>\n<td style=\"text-align: center;\"><span style=\"color: #ff0000;\"><a href=\"https:\/\/www.moneta.cz\/pujcky-a-uvery\/pujcka-na-cokoliv\" style=\"color: #ff0000;\" target=\"_blank\" rel=\"nofollow noopener\">propo\u010det<\/a><\/span><\/td>\n<td style=\"text-align: center;\"><span style=\"color: #999999;\">0 K\u010d <sup>2<\/sup><\/span><\/td>\n<td style=\"text-align: center;\"><span style=\"color: #999999;\">do 1 % <sup>4<\/sup><\/span><\/td>\n<td style=\"text-align: center;\"><span style=\"color: #999999;\">6<\/span><\/td>\n<\/tr>\n<tr>\n<td style=\"text-align: left;\"><span style=\"color: #999999;\"><a href=\"https:\/\/www.mbank.cz\/osobni\/uvery\/mpujcka\/\" style=\"color: #999999;\" target=\"_blank\" rel=\"nofollow noopener\">mBank<\/a><\/span><\/td>\n<td style=\"text-align: center;\"><strong><span style=\"color: #999999;\">4,49 %<\/span><\/strong><\/td>\n<td style=\"text-align: center;\"><span style=\"color: #999999;\">4,58 %<\/span><\/td>\n<td style=\"text-align: center;\"><span style=\"color: #ff0000;\"><a href=\"https:\/\/ehub.cz\/system\/scripts\/click.php?a_aid=2ee04f86&amp;a_bid=3761baf2&amp;data1=uverovy-radce\" style=\"color: #ff0000;\" target=\"_blank\" rel=\"nofollow noopener\">propo\u010det<\/a><\/span><\/td>\n<td style=\"text-align: center;\"><span style=\"color: #999999;\">0 K\u010d<\/span><\/td>\n<td style=\"text-align: center;\"><span style=\"color: #999999;\">0 K\u010d<\/span><\/td>\n<td style=\"text-align: center;\"><span style=\"color: #999999;\">3<\/span><\/td>\n<\/tr>\n<tr>\n<td style=\"text-align: left;\"><span style=\"color: #999999;\"><a href=\"https:\/\/www.csob.cz\/lide\/pujcky\" style=\"color: #999999;\" target=\"_blank\" rel=\"nofollow noopener\">\u010cSOB<\/a><\/span><\/td>\n<td style=\"text-align: center;\"><strong><span style=\"color: #999999;\">4,49 %<\/span><\/strong><\/td>\n<td style=\"text-align: center;\"><span style=\"color: #999999;\">4,58 %<\/span><\/td>\n<td style=\"text-align: center;\"><span style=\"color: #ff0000;\"><a href=\"https:\/\/www.csob.cz\/lide\/pujcky\/pujcka-na-cokoliv\" style=\"color: #ff0000;\" target=\"_blank\" rel=\"nofollow noopener\">propo\u010det<\/a><\/span><\/td>\n<td style=\"text-align: center;\"><span style=\"color: #999999;\">0 K\u010d<\/span><\/td>\n<td style=\"text-align: center;\"><span style=\"color: #999999;\">0 K\u010d<\/span><\/td>\n<td style=\"text-align: center;\"><span style=\"color: #999999;\">3<\/span><\/td>\n<\/tr>\n<tr>\n<td style=\"text-align: left;\"><span style=\"color: #999999;\"><a href=\"https:\/\/www.unicreditbank.cz\/cs\/obcane\/pujcky\/kalkulacka-uveru-presto-na-cokoliv.html\" style=\"color: #999999;\" target=\"_blank\" rel=\"nofollow noopener\">UniCredit Bank<\/a><\/span><\/td>\n<td style=\"text-align: center;\"><strong><span style=\"color: #999999;\">4,49 %<\/span><\/strong><\/td>\n<td style=\"text-align: center;\"><span style=\"color: #999999;\">4,62 %<\/span><\/td>\n<td style=\"text-align: center;\"><span style=\"color: #ff0000;\"><a href=\"https:\/\/www.unicreditbank.cz\/cs\/obcane\/pujcky\/kalkulacka-uveru-presto-na-cokoliv.html\" style=\"color: #ff0000;\" target=\"_blank\" rel=\"nofollow noopener\">propo\u010det<\/a><\/span><\/td>\n<td style=\"text-align: center;\"><span style=\"color: #999999;\">1 500 K\u010d<\/span><\/td>\n<td style=\"text-align: center;\"><span style=\"color: #999999;\">1 %<\/span><\/td>\n<td style=\"text-align: center;\"><span style=\"color: #999999;\">1<\/span><\/td>\n<\/tr>\n<tr>\n<td style=\"text-align: left;\"><span style=\"color: #999999;\"><a href=\"https:\/\/www.kb.cz\/cs\/obcane\/pujcky\/pujcka\" style=\"color: #999999;\" target=\"_blank\" rel=\"nofollow noopener\">Komer\u010dn\u00ed banka<\/a><\/span><\/td>\n<td style=\"text-align: center;\"><strong><span style=\"color: #999999;\">4,9 %<\/span><\/strong><\/td>\n<td style=\"text-align: center;\"><span style=\"color: #999999;\">5,01 %<\/span><\/td>\n<td style=\"text-align: center;\"><span style=\"color: #ff0000;\"><a href=\"https:\/\/www.kb.cz\/cs\/obcane\/pujcky\/pujcka\" style=\"color: #ff0000;\" target=\"_blank\" rel=\"nofollow noopener\">propo\u010det<\/a><\/span><\/td>\n<td style=\"text-align: center;\"><span style=\"color: #999999;\">850 K\u010d<\/span><\/td>\n<td style=\"text-align: center;\"><span style=\"color: #999999;\">0 K\u010d<\/span><\/td>\n<td style=\"text-align: center;\"><span style=\"color: #999999;\">ne<\/span><\/td>\n<\/tr>\n<tr>\n<td style=\"text-align: left;\"><span style=\"color: #999999;\"><a href=\"https:\/\/www.fio.cz\/bankovni-sluzby\/uvery\/splatkovy-uver\" style=\"color: #999999;\" target=\"_blank\" rel=\"nofollow noopener\">Fio banka<\/a><\/span><\/td>\n<td style=\"text-align: center;\"><strong><span style=\"color: #999999;\">5,88 %<\/span><\/strong><\/td>\n<td style=\"text-align: center;\"><span style=\"color: #999999;\">6,04 %<\/span><\/td>\n<td style=\"text-align: center;\"><span style=\"color: #ff0000;\"><a href=\"https:\/\/www.fio.cz\/bankovni-sluzby\/uvery\/kalkulacka-pujcky\" style=\"color: #ff0000;\" target=\"_blank\" rel=\"nofollow noopener\">propo\u010det<\/a><\/span><\/td>\n<td style=\"text-align: center;\"><span style=\"color: #999999;\">0 K\u010d<\/span><\/td>\n<td style=\"text-align: center;\"><span style=\"color: #999999;\">0 K\u010d<\/span><\/td>\n<td style=\"text-align: center;\"><span style=\"color: #999999;\">ne<\/span><\/td>\n<\/tr>\n<\/tbody>\n<\/table>\n\n\n<div style=\"height:30px\" aria-hidden=\"true\" class=\"wp-block-spacer\"><\/div>\n\n\n\n<pre>* Minim\u00e1ln\u00ed sazba<br \/>2 V p\u0159\u00edpad\u011b vy\u0159\u00edzen\u00ed \u00fav\u011bru na pobo\u010dce nebo telefonicky je \u00fa\u010dtov\u00e1n poplatek 1995 K\u010d<br \/>4 Poplatek m\u016f\u017ee b\u00fdt max. 0,5 %, respektive 1 %, ze spl\u00e1cen\u00e9 \u010d\u00e1stky dle toho, zda do splacen\u00ed \u00fav\u011bru zb\u00fdv\u00e1 m\u00e9n\u011b \u010di v\u00edce ne\u017e 1 rok<br \/>6 Bonus za v\u010dasn\u00e9 spl\u00e1cen\u00ed v podob\u011b sn\u00ed\u017een\u00ed \u00farokov\u00e9 sazby, projev\u00ed se d\u0159\u00edv\u011bj\u0161\u00edm doplacen\u00edm \u00fav\u011bru<br \/><br \/><br \/><\/pre>\n","protected":false},"excerpt":{"rendered":"<p>Tady jsou \u00fav\u011brov\u00e9 nab\u00eddky odpov\u00eddaj\u00edc\u00ed va\u0161emu zad\u00e1n\u00ed TIP:\u00a0 \u00dav\u011brov\u00e9 nab\u00eddky se dnes odv\u00edj\u00ed od minim\u00e1ln\u00ed \u00farokov\u00e9 sazby, za\u010dn\u011bte tedy namodelov\u00e1n\u00edm po\u017eadovan\u00e9ho \u00fav\u011bru od 1. poskytovatele v po\u0159ad\u00ed, p\u0159es odkaz &#8218;propo\u010det&#8216;. O \u00fav\u011br pak \u017e\u00e1dejte u banky s nejni\u017e\u0161\u00ed v\u00fdslednou spl\u00e1tkou. (Pokud bude sazba schv\u00e1len\u00e9ho \u00fav\u011bru oproti kalkulaci vy\u0161\u0161\u00ed, za\u017e\u00e1dejte p\u0159\u00edpadn\u011b [&hellip;]<\/p>\n","protected":false},"author":1,"featured_media":230,"parent":0,"menu_order":0,"comment_status":"closed","ping_status":"closed","template":"","meta":{"_exactmetrics_skip_tracking":false,"_exactmetrics_sitenote_active":false,"_exactmetrics_sitenote_note":"","_exactmetrics_sitenote_category":0,"_themeisle_gutenberg_block_has_review":false,"footnotes":""},"class_list":["post-227","page","type-page","status-publish","has-post-thumbnail","hentry"],"aioseo_notices":[],"_links":{"self":[{"href":"https:\/\/www.uverovy-radce.cz\/index.php?rest_route=\/wp\/v2\/pages\/227","targetHints":{"allow":["GET"]}}],"collection":[{"href":"https:\/\/www.uverovy-radce.cz\/index.php?rest_route=\/wp\/v2\/pages"}],"about":[{"href":"https:\/\/www.uverovy-radce.cz\/index.php?rest_route=\/wp\/v2\/types\/page"}],"author":[{"embeddable":true,"href":"https:\/\/www.uverovy-radce.cz\/index.php?rest_route=\/wp\/v2\/users\/1"}],"replies":[{"embeddable":true,"href":"https:\/\/www.uverovy-radce.cz\/index.php?rest_route=%2Fwp%2Fv2%2Fcomments&post=227"}],"version-history":[{"count":64,"href":"https:\/\/www.uverovy-radce.cz\/index.php?rest_route=\/wp\/v2\/pages\/227\/revisions"}],"predecessor-version":[{"id":842,"href":"https:\/\/www.uverovy-radce.cz\/index.php?rest_route=\/wp\/v2\/pages\/227\/revisions\/842"}],"wp:featuredmedia":[{"embeddable":true,"href":"https:\/\/www.uverovy-radce.cz\/index.php?rest_route=\/wp\/v2\/media\/230"}],"wp:attachment":[{"href":"https:\/\/www.uverovy-radce.cz\/index.php?rest_route=%2Fwp%2Fv2%2Fmedia&parent=227"}],"curies":[{"name":"wp","href":"https:\/\/api.w.org\/{rel}","templated":true}]}}