{"id":111,"date":"2025-01-28T10:44:59","date_gmt":"2025-01-28T10:44:59","guid":{"rendered":"https:\/\/www.uverovy-radce.cz\/?page_id=111"},"modified":"2025-09-04T09:49:06","modified_gmt":"2025-09-04T09:49:06","slug":"111-2","status":"publish","type":"page","link":"https:\/\/www.uverovy-radce.cz\/?page_id=111","title":{"rendered":""},"content":{"rendered":"<h4 style=\"text-align: center;\"><span style=\"color: #999999;\">Byl\/ je* \u017eadatel v prodlen\u00ed se sv\u00fdmi z\u00e1vazky v\u016f\u010di n\u011bkter\u00e9 z NEBANKOVN\u00cdCH spole\u010dnost\u00ed?<\/span><\/h4>\n\n\n<div style=\"height:30px\" aria-hidden=\"true\" class=\"wp-block-spacer\"><\/div>\n\n\n<div class=\"wp-block-image is-style-rounded\">\n<figure class=\"aligncenter size-full is-resized\"><img loading=\"lazy\" decoding=\"async\" width=\"511\" height=\"420\" src=\"https:\/\/www.uverovy-radce.cz\/wp-content\/uploads\/2025\/09\/ona_po_splatnosti.png\" alt=\"\" class=\"wp-image-870\" style=\"width:324px\" srcset=\"https:\/\/www.uverovy-radce.cz\/wp-content\/uploads\/2025\/09\/ona_po_splatnosti.png 511w, https:\/\/www.uverovy-radce.cz\/wp-content\/uploads\/2025\/09\/ona_po_splatnosti-300x247.png 300w\" sizes=\"auto, (max-width: 511px) 100vw, 511px\" \/><\/figure>\n<\/div>\n\n\n<div style=\"height:70px\" aria-hidden=\"true\" class=\"wp-block-spacer\"><\/div>\n\n\n\n<div class=\"wp-block-buttons is-content-justification-center is-layout-flex wp-container-core-buttons-is-layout-a89b3969 wp-block-buttons-is-layout-flex\">\n<div class=\"wp-block-button has-custom-width wp-block-button__width-25\"><a class=\"wp-block-button__link has-background has-small-font-size has-custom-font-size wp-element-button\" href=\"https:\/\/www.uverovy-radce.cz\/?page_id=311\" style=\"background-color:#f70000;text-transform:uppercase\"><strong>A<\/strong>NO<\/a><\/div>\n\n\n\n<div class=\"wp-block-button has-custom-width wp-block-button__width-25\"><a class=\"wp-block-button__link has-background has-small-font-size has-custom-font-size wp-element-button\" href=\"https:\/\/www.uverovy-radce.cz\/?page_id=684\" style=\"background-color:#f70000;text-transform:uppercase\"><strong>N<\/strong>E<\/a><\/div>\n<\/div>\n\n\n\n<div style=\"height:30px\" aria-hidden=\"true\" class=\"wp-block-spacer\"><\/div>\n\n\n<pre>* za posledn\u00ed 4 roky<\/pre>","protected":false},"excerpt":{"rendered":"<p>Byl\/ je* \u017eadatel v prodlen\u00ed se sv\u00fdmi z\u00e1vazky v\u016f\u010di n\u011bkter\u00e9 z NEBANKOVN\u00cdCH spole\u010dnost\u00ed? * za posledn\u00ed 4 roky<\/p>\n","protected":false},"author":1,"featured_media":290,"parent":0,"menu_order":0,"comment_status":"closed","ping_status":"closed","template":"","meta":{"_exactmetrics_skip_tracking":false,"_exactmetrics_sitenote_active":false,"_exactmetrics_sitenote_note":"","_exactmetrics_sitenote_category":0,"_themeisle_gutenberg_block_has_review":false,"footnotes":""},"class_list":["post-111","page","type-page","status-publish","has-post-thumbnail","hentry"],"aioseo_notices":[],"_links":{"self":[{"href":"https:\/\/www.uverovy-radce.cz\/index.php?rest_route=\/wp\/v2\/pages\/111","targetHints":{"allow":["GET"]}}],"collection":[{"href":"https:\/\/www.uverovy-radce.cz\/index.php?rest_route=\/wp\/v2\/pages"}],"about":[{"href":"https:\/\/www.uverovy-radce.cz\/index.php?rest_route=\/wp\/v2\/types\/page"}],"author":[{"embeddable":true,"href":"https:\/\/www.uverovy-radce.cz\/index.php?rest_route=\/wp\/v2\/users\/1"}],"replies":[{"embeddable":true,"href":"https:\/\/www.uverovy-radce.cz\/index.php?rest_route=%2Fwp%2Fv2%2Fcomments&post=111"}],"version-history":[{"count":16,"href":"https:\/\/www.uverovy-radce.cz\/index.php?rest_route=\/wp\/v2\/pages\/111\/revisions"}],"predecessor-version":[{"id":871,"href":"https:\/\/www.uverovy-radce.cz\/index.php?rest_route=\/wp\/v2\/pages\/111\/revisions\/871"}],"wp:featuredmedia":[{"embeddable":true,"href":"https:\/\/www.uverovy-radce.cz\/index.php?rest_route=\/wp\/v2\/media\/290"}],"wp:attachment":[{"href":"https:\/\/www.uverovy-radce.cz\/index.php?rest_route=%2Fwp%2Fv2%2Fmedia&parent=111"}],"curies":[{"name":"wp","href":"https:\/\/api.w.org\/{rel}","templated":true}]}}